{"id":1636,"date":"2021-10-19T09:46:47","date_gmt":"2021-10-19T07:46:47","guid":{"rendered":"https:\/\/studioplus.pl\/products\/litery-swiecace-do-tylu\/"},"modified":"2023-04-19T14:25:57","modified_gmt":"2023-04-19T12:25:57","slug":"back-lit-letters","status":"publish","type":"page","link":"https:\/\/studioplus.pl\/en\/products\/back-lit-letters\/","title":{"rendered":"Back-lit letters"},"content":{"rendered":"<p>[et_pb_section fb_built=&#8221;1&#8243; disabled_on=&#8221;off|off|off&#8221; admin_label=&#8221;Breadcrumbs&#8221; _builder_version=&#8221;4.16&#8243; _module_preset=&#8221;default&#8221; custom_padding=&#8221;0px||0px||false|false&#8221; collapsed=&#8221;on&#8221; global_colors_info=&#8221;{}&#8221;][et_pb_row column_structure=&#8221;1_2,1_2&#8243; use_custom_gutter=&#8221;on&#8221; gutter_width=&#8221;1&#8243; make_equal=&#8221;on&#8221; disabled_on=&#8221;on|on|off&#8221; _builder_version=&#8221;4.16&#8243; _module_preset=&#8221;default&#8221; width=&#8221;100%&#8221; max_width=&#8221;1366px&#8221; custom_padding=&#8221;||||false|false&#8221; global_colors_info=&#8221;{}&#8221;][et_pb_column type=&#8221;1_2&#8243; _builder_version=&#8221;4.16&#8243; _module_preset=&#8221;default&#8221; custom_css_main_element=&#8221;width: 50%!important;||margin: auto;&#8221; global_colors_info=&#8221;{}&#8221;][et_pb_code module_class=&#8221;breadcrums_style&#8221; _builder_version=&#8221;4.16&#8243; _module_preset=&#8221;default&#8221; global_colors_info=&#8221;{}&#8221;]<span><span><a href=\"https:\/\/studioplus.pl\/\">Strona G\u0142\u00f3wna<\/a><\/span><\/span>[\/et_pb_code][\/et_pb_column][et_pb_column type=&#8221;1_2&#8243; _builder_version=&#8221;4.16&#8243; _module_preset=&#8221;default&#8221; custom_css_main_element=&#8221;width: 50%!important;||margin: auto;&#8221; global_colors_info=&#8221;{}&#8221;][\/et_pb_column][\/et_pb_row][et_pb_row use_custom_gutter=&#8221;on&#8221; gutter_width=&#8221;1&#8243; make_equal=&#8221;on&#8221; disabled_on=&#8221;off|off|on&#8221; admin_label=&#8221;Wiersz&#8221; _builder_version=&#8221;4.16&#8243; _module_preset=&#8221;default&#8221; width=&#8221;100%&#8221; max_width=&#8221;1366px&#8221; custom_padding=&#8221;|||10px|false|false&#8221; global_colors_info=&#8221;{}&#8221;][et_pb_column type=&#8221;4_4&#8243; _builder_version=&#8221;4.16&#8243; _module_preset=&#8221;default&#8221; custom_css_main_element=&#8221;margin: auto;||&#8221; global_colors_info=&#8221;{}&#8221;][et_pb_code module_class=&#8221;breadcrums_style&#8221; _builder_version=&#8221;4.17.0&#8243; _module_preset=&#8221;default&#8221; global_colors_info=&#8221;{}&#8221;]<span><span><a href=\"https:\/\/studioplus.pl\/\">Strona G\u0142\u00f3wna<\/a><\/span><\/span>[\/et_pb_code][\/et_pb_column][\/et_pb_row][\/et_pb_section][et_pb_section fb_built=&#8221;1&#8243; admin_label=&#8221;Opis&#8221; _builder_version=&#8221;4.17.0&#8243; _module_preset=&#8221;default&#8221; custom_padding=&#8221;0px||0px||false|false&#8221; collapsed=&#8221;off&#8221; global_colors_info=&#8221;{}&#8221;][et_pb_row column_structure=&#8221;2_5,3_5&#8243; use_custom_gutter=&#8221;on&#8221; gutter_width=&#8221;1&#8243; make_equal=&#8221;on&#8221; _builder_version=&#8221;4.17.0&#8243; _module_preset=&#8221;default&#8221; width=&#8221;100%&#8221; max_width=&#8221;1366px&#8221; global_colors_info=&#8221;{}&#8221;][et_pb_column type=&#8221;2_5&#8243; _builder_version=&#8221;4.16&#8243; _module_preset=&#8221;default&#8221; global_colors_info=&#8221;{}&#8221;][et_pb_image src=&#8221;https:\/\/studioplus.pl\/wp-content\/uploads\/2022\/05\/zdjecie-przy-naglowku-litery-swiecace-do-tylu.jpg&#8221; alt=&#8221;Zdj\u0119cie przedstawia du\u017ce przestrzenne litery. S\u0105 w kolorze zielonym.&#8221; title_text=&#8221;zdj\u0119cie-przy-nag\u0142\u00f3wku-litery-\u015bwiec\u0105ce-do-ty\u0142u&#8221; _builder_version=&#8221;4.17.0&#8243; _module_preset=&#8221;default&#8221; global_colors_info=&#8221;{}&#8221;][\/et_pb_image][\/et_pb_column][et_pb_column type=&#8221;3_5&#8243; _builder_version=&#8221;4.16&#8243; _module_preset=&#8221;default&#8221; global_colors_info=&#8221;{}&#8221;][et_pb_text module_class=&#8221;gemunu&#8221; _builder_version=&#8221;4.17.0&#8243; _dynamic_attributes=&#8221;content&#8221; _module_preset=&#8221;default&#8221; header_2_font=&#8221;|700|||||||&#8221; header_2_text_color=&#8221;#FFFFFF&#8221; header_2_font_size=&#8221;98px&#8221; custom_margin=&#8221;16px|||-47px|false|false&#8221; custom_margin_tablet=&#8221;16px|||10px|false|false&#8221; custom_margin_phone=&#8221;|||10px|false|false&#8221; custom_margin_last_edited=&#8221;on|phone&#8221; header_2_font_size_tablet=&#8221;&#8221; header_2_font_size_phone=&#8221;52px&#8221; header_2_font_size_last_edited=&#8221;on|desktop&#8221; custom_css_main_element=&#8221; text-shadow:||    -1px -1px 0 #042e58,||     0   -1px 0 #042e58,||     1px -1px 0 #042e58,||     1px  0   0 #042e58,||     1px  1px 0 #042e58,||     0    1px 0 #042e58,||    -1px  1px 0 #042e58,||    -1px  0   0 #042e58;&#8221; global_colors_info=&#8221;{}&#8221; header_2_font_size__hover_enabled=&#8221;off|desktop&#8221;]@ET-DC@eyJkeW5hbWljIjp0cnVlLCJjb250ZW50IjoicG9zdF90aXRsZSIsInNldHRpbmdzIjp7ImJlZm9yZSI6IjxoMj4iLCJhZnRlciI6IjwvaDI+In19@[\/et_pb_text][\/et_pb_column][\/et_pb_row][et_pb_row column_structure=&#8221;1_2,1_6,1_6,1_6&#8243; use_custom_gutter=&#8221;on&#8221; gutter_width=&#8221;1&#8243; make_equal=&#8221;on&#8221; disabled_on=&#8221;on|on|off&#8221; _builder_version=&#8221;4.17.0&#8243; _module_preset=&#8221;default&#8221; width=&#8221;100%&#8221; max_width=&#8221;1366px&#8221; custom_margin=&#8221;-145px||||false|false&#8221; global_colors_info=&#8221;{}&#8221;][et_pb_column type=&#8221;1_2&#8243; _builder_version=&#8221;4.17.0&#8243; _module_preset=&#8221;default&#8221; global_colors_info=&#8221;{}&#8221;][\/et_pb_column][et_pb_column type=&#8221;1_6&#8243; _builder_version=&#8221;4.17.0&#8243; _module_preset=&#8221;default&#8221; global_colors_info=&#8221;{}&#8221;][et_pb_image src=&#8221;https:\/\/studioplus.pl\/wp-content\/uploads\/2022\/05\/przekroj-efek-halo-dystanse.jpg&#8221; title_text=&#8221;przekr\u00f3j&#8212;efek-halo&#8212;dystanse&#8221; show_in_lightbox=&#8221;on&#8221; _builder_version=&#8221;4.17.0&#8243; _module_preset=&#8221;default&#8221; global_colors_info=&#8221;{}&#8221;][\/et_pb_image][\/et_pb_column][et_pb_column type=&#8221;1_6&#8243; _builder_version=&#8221;4.17.0&#8243; _module_preset=&#8221;default&#8221; global_colors_info=&#8221;{}&#8221;][et_pb_image src=&#8221;https:\/\/studioplus.pl\/wp-content\/uploads\/2022\/05\/przekroj-efek-halo-konstrukcja.jpg&#8221; title_text=&#8221;przekr\u00f3j&#8212;efek-halo&#8212;konstrukcja&#8221; show_in_lightbox=&#8221;on&#8221; _builder_version=&#8221;4.17.0&#8243; _module_preset=&#8221;default&#8221; global_colors_info=&#8221;{}&#8221;][\/et_pb_image][\/et_pb_column][et_pb_column type=&#8221;1_6&#8243; _builder_version=&#8221;4.17.0&#8243; _module_preset=&#8221;default&#8221; global_colors_info=&#8221;{}&#8221;][et_pb_image src=&#8221;https:\/\/studioplus.pl\/wp-content\/uploads\/2022\/05\/przekroj-efek-halo-plexi20mm.jpg&#8221; title_text=&#8221;przekr\u00f3j&#8212;efek-halo&#8212;plexi20mm&#8221; show_in_lightbox=&#8221;on&#8221; _builder_version=&#8221;4.17.0&#8243; _module_preset=&#8221;default&#8221; global_colors_info=&#8221;{}&#8221;][\/et_pb_image][\/et_pb_column][\/et_pb_row][\/et_pb_section][et_pb_section fb_built=&#8221;1&#8243; admin_label=&#8221;Opis&#8221; _builder_version=&#8221;4.17.0&#8243; _module_preset=&#8221;default&#8221; collapsed=&#8221;off&#8221; global_colors_info=&#8221;{}&#8221;][et_pb_row _builder_version=&#8221;4.17.0&#8243; _module_preset=&#8221;default&#8221; positioning=&#8221;none&#8221; width=&#8221;100%&#8221; max_width=&#8221;1366px&#8221; custom_margin=&#8221;||||false|false&#8221; global_colors_info=&#8221;{}&#8221;][et_pb_column type=&#8221;4_4&#8243; _builder_version=&#8221;4.17.0&#8243; _module_preset=&#8221;default&#8221; z_index=&#8221;5&#8243; global_colors_info=&#8221;{}&#8221;][et_pb_text _builder_version=&#8221;4.17.4&#8243; _module_preset=&#8221;default&#8221; text_font=&#8221;Roboto||||||||&#8221; text_font_size=&#8221;18px&#8221; header_2_text_color=&#8221;#666666&#8243; position_origin_a=&#8221;center_left&#8221; position_origin_r=&#8221;top_right&#8221; position_origin_a_last_edited=&#8221;off|desktop&#8221; position_origin_f_last_edited=&#8221;off|desktop&#8221; position_origin_r_last_edited=&#8221;off|desktop&#8221; width=&#8221;100%&#8221; custom_margin=&#8221;||||false|false&#8221; custom_margin_tablet=&#8221;||||false|false&#8221; custom_margin_last_edited=&#8221;off|desktop&#8221; custom_padding=&#8221;|20px||20px|false|true&#8221; text_font_size_tablet=&#8221;&#8221; text_font_size_phone=&#8221;16px&#8221; text_font_size_last_edited=&#8221;on|phone&#8221; positioning_tablet=&#8221;none&#8221; positioning_last_edited=&#8221;off|desktop&#8221; global_colors_info=&#8221;{}&#8221;]<\/p>\n<h2><span style=\"color: #e54d1c;\"><strong>WELDED LETTERS<\/strong><\/span><\/h2>\n<p class=\"Standard\">Welded letters are the most frequently chosen technology for  halo effect. We weld signs made of aluminum, stainless and black steel as well as brass. When the letters are illuminated to the back there\u2019s a glow created around them, giving them a unique and elegant look.<o:p><\/o:p><\/p>\n<p class=\"Standard\">They are mounted to the facade on a rails or with spacers. Signs and rails are powder coated in the selected RAL color. The halo effect can also be obtained by using 10\/20 mm thick plexiglass, which creates a distance between the wall.<o:p><\/o:p><\/p>\n<p style=\"text-align: justify;\">\u200b<\/p>\n<p>[\/et_pb_text][\/et_pb_column][\/et_pb_row][et_pb_row custom_padding_last_edited=&#8221;on|desktop&#8221; _builder_version=&#8221;4.17.0&#8243; _module_preset=&#8221;default&#8221; width=&#8221;100%&#8221; max_width=&#8221;1366px&#8221; custom_margin=&#8221;||||false|false&#8221; custom_padding_tablet=&#8221;&#8221; custom_padding_phone=&#8221;|20px||20px|false|true&#8221; global_colors_info=&#8221;{}&#8221;][et_pb_column type=&#8221;4_4&#8243; _builder_version=&#8221;4.17.0&#8243; _module_preset=&#8221;default&#8221; global_colors_info=&#8221;{}&#8221;][dnxte_masonary gallery_ids=&#8221;917,918,919,920,921&#8243; dnxte_columns=&#8221;5&#8243; overlay_icon_color=&#8221;#e54d1b&#8221; hover_icon=&#8221;&#x55;||divi||400&#8243; dnxtemasonary_title_margin=&#8221;|0|0|0|false|false&#8221; _builder_version=&#8221;4.17.0&#8243; _module_preset=&#8221;default&#8221; global_colors_info=&#8221;{}&#8221;][\/dnxte_masonary][\/et_pb_column][\/et_pb_row][et_pb_row _builder_version=&#8221;4.17.0&#8243; _module_preset=&#8221;default&#8221; positioning=&#8221;none&#8221; width=&#8221;100%&#8221; max_width=&#8221;1366px&#8221; min_height=&#8221;22px&#8221; custom_margin=&#8221;||||false|false&#8221; global_colors_info=&#8221;{}&#8221;][et_pb_column type=&#8221;4_4&#8243; _builder_version=&#8221;4.17.0&#8243; _module_preset=&#8221;default&#8221; z_index=&#8221;5&#8243; global_colors_info=&#8221;{}&#8221;][et_pb_text _builder_version=&#8221;4.17.4&#8243; _module_preset=&#8221;default&#8221; text_font=&#8221;Roboto||||||||&#8221; text_font_size=&#8221;18px&#8221; header_2_text_color=&#8221;#666666&#8243; position_origin_a=&#8221;center_left&#8221; position_origin_r=&#8221;top_right&#8221; position_origin_a_last_edited=&#8221;off|desktop&#8221; position_origin_f_last_edited=&#8221;off|desktop&#8221; position_origin_r_last_edited=&#8221;off|desktop&#8221; width=&#8221;100%&#8221; custom_margin=&#8221;||||false|false&#8221; custom_margin_tablet=&#8221;||||false|false&#8221; custom_margin_last_edited=&#8221;off|desktop&#8221; custom_padding=&#8221;|20px||20px|false|true&#8221; text_font_size_tablet=&#8221;&#8221; text_font_size_phone=&#8221;16px&#8221; text_font_size_last_edited=&#8221;on|phone&#8221; positioning_tablet=&#8221;none&#8221; positioning_last_edited=&#8221;off|desktop&#8221; global_colors_info=&#8221;{}&#8221;]<\/p>\n<h2><span style=\"color: #e54d1c;\"><strong>GLUED LETTERS<\/strong><\/span><\/h2>\n<p>Glued signs are our economic version of the effect halo spacial letters. With this technology, the face is made of dibond or non-translucent plexiglass, and the sides are made of DFT or FLT aluminum profiles.<\/p>\n<p>Tapes available in standard widths and colors *.<\/p>\n<p style=\"text-align: justify;\">\u200b<\/p>\n<p>[\/et_pb_text][\/et_pb_column][\/et_pb_row][et_pb_row custom_padding_last_edited=&#8221;on|phone&#8221; _builder_version=&#8221;4.17.0&#8243; _module_preset=&#8221;default&#8221; width=&#8221;100%&#8221; max_width=&#8221;1366px&#8221; custom_padding_tablet=&#8221;&#8221; custom_padding_phone=&#8221;|20px||20px|false|true&#8221; global_colors_info=&#8221;{}&#8221;][et_pb_column type=&#8221;4_4&#8243; _builder_version=&#8221;4.16&#8243; _module_preset=&#8221;default&#8221; global_colors_info=&#8221;{}&#8221;][dnxte_masonary gallery_ids=&#8221;922,923,924,925,926&#8243; dnxte_columns=&#8221;5&#8243; overlay_icon_color=&#8221;#e54d1b&#8221; hover_icon=&#8221;&#x55;||divi||400&#8243; _builder_version=&#8221;4.17.0&#8243; _module_preset=&#8221;default&#8221; global_colors_info=&#8221;{}&#8221;][\/dnxte_masonary][\/et_pb_column][\/et_pb_row][et_pb_row column_structure=&#8221;1_2,1_2&#8243; use_custom_gutter=&#8221;on&#8221; gutter_width=&#8221;1&#8243; make_equal=&#8221;on&#8221; _builder_version=&#8221;4.17.0&#8243; _module_preset=&#8221;default&#8221; width=&#8221;100%&#8221; max_width=&#8221;1366px&#8221; global_colors_info=&#8221;{}&#8221;][et_pb_column type=&#8221;1_2&#8243; _builder_version=&#8221;4.17.0&#8243; _module_preset=&#8221;default&#8221; z_index=&#8221;5&#8243; custom_css_main_element=&#8221;margin: auto;&#8221; global_colors_info=&#8221;{}&#8221;][et_pb_text _builder_version=&#8221;4.17.4&#8243; _module_preset=&#8221;default&#8221; text_font=&#8221;Roboto||||||||&#8221; text_font_size=&#8221;18px&#8221; header_2_text_color=&#8221;#666666&#8243; positioning=&#8221;absolute&#8221; position_origin_a=&#8221;center_left&#8221; position_origin_r=&#8221;top_right&#8221; position_origin_a_tablet=&#8221;&#8221; position_origin_a_phone=&#8221;&#8221; position_origin_a_last_edited=&#8221;on|desktop&#8221; position_origin_f_tablet=&#8221;&#8221; position_origin_f_phone=&#8221;&#8221; position_origin_f_last_edited=&#8221;on|desktop&#8221; position_origin_r_tablet=&#8221;&#8221; position_origin_r_phone=&#8221;&#8221; position_origin_r_last_edited=&#8221;on|desktop&#8221; width=&#8221;100%&#8221; custom_margin=&#8221;||||false|false&#8221; custom_margin_tablet=&#8221;|||0px|false|false&#8221; custom_margin_phone=&#8221;&#8221; custom_margin_last_edited=&#8221;on|phone&#8221; custom_padding=&#8221;|20px||20px|false|true&#8221; text_font_size_tablet=&#8221;&#8221; text_font_size_phone=&#8221;16px&#8221; text_font_size_last_edited=&#8221;on|phone&#8221; positioning_tablet=&#8221;none&#8221; positioning_phone=&#8221;&#8221; positioning_last_edited=&#8221;on|phone&#8221; global_colors_info=&#8221;{}&#8221;]<\/p>\n<h2><span style=\"color: #042e58;\"><strong>Available RAL colours<\/strong><\/span><\/h2>\n<p>&nbsp;<\/p>\n<p>[\/et_pb_text][\/et_pb_column][et_pb_column type=&#8221;1_2&#8243; _builder_version=&#8221;4.16&#8243; _module_preset=&#8221;default&#8221; z_index=&#8221;0&#8243; custom_css_main_element=&#8221;margin: auto;&#8221; global_colors_info=&#8221;{}&#8221;][et_pb_image src=&#8221;https:\/\/studioplus.pl\/wp-content\/uploads\/2023\/04\/ENG_tabelka-ral-1.jpg&#8221; alt=&#8221;Grafika przedstawia trzy zdj\u0119cia. Na pierwszym widoczna jest reklama \u015bwietlna na stole produkcyjnym. Na drugim widzimy m\u0119\u017cczyzn\u0119 pracuj\u0105cego przy stole, przed nim jest baner \u015bwietlny. Ostatnie zdj\u0119cie sk\u0142ada si\u0119 z trzech zdj\u0119\u0107, na ka\u017cdym widoczny jest proces produkcji reklamy \u015bwietlnej&#8221; title_text=&#8221;Untitled-1.cdr&#8221; align_tablet=&#8221;center&#8221; align_phone=&#8221;center&#8221; align_last_edited=&#8221;on|desktop&#8221; _builder_version=&#8221;4.20.4&#8243; _module_preset=&#8221;default&#8221; width=&#8221;69%&#8221; custom_margin_tablet=&#8221;||||false|false&#8221; custom_margin_phone=&#8221;||||false|false&#8221; custom_margin_last_edited=&#8221;on|desktop&#8221; custom_padding=&#8221;0px|0px|0px|0px|false|false&#8221; hover_enabled=&#8221;0&#8243; global_colors_info=&#8221;{}&#8221; sticky_enabled=&#8221;0&#8243;][\/et_pb_image][\/et_pb_column][\/et_pb_row][et_pb_row use_custom_gutter=&#8221;on&#8221; gutter_width=&#8221;1&#8243; make_equal=&#8221;on&#8221; _builder_version=&#8221;4.16&#8243; _module_preset=&#8221;default&#8221; width=&#8221;100%&#8221; max_width=&#8221;1366px&#8221; global_colors_info=&#8221;{}&#8221;][et_pb_column type=&#8221;4_4&#8243; _builder_version=&#8221;4.16&#8243; _module_preset=&#8221;default&#8221; global_colors_info=&#8221;{}&#8221;][et_pb_text _builder_version=&#8221;4.17.4&#8243; _module_preset=&#8221;default&#8221; text_font=&#8221;Roboto||||||||&#8221; text_font_size=&#8221;18px&#8221; header_2_text_color=&#8221;#666666&#8243; text_orientation=&#8221;center&#8221; custom_padding=&#8221;|||46px|false|false&#8221; custom_padding_tablet=&#8221;|20px||20px|false|true&#8221; custom_padding_phone=&#8221;&#8221; custom_padding_last_edited=&#8221;on|phone&#8221; text_font_size_tablet=&#8221;&#8221; text_font_size_phone=&#8221;16px&#8221; text_font_size_last_edited=&#8221;on|phone&#8221; global_colors_info=&#8221;{}&#8221;]<\/p>\n<h2>If you need letters produced in a technology other than those described above &#8211; contact us and we will try to meet your requirements.<\/h2>\n<p>[\/et_pb_text][\/et_pb_column][\/et_pb_row][\/et_pb_section]<\/p>\n","protected":false},"excerpt":{"rendered":"<p><span><span><a href=\"https:\/\/studioplus.pl\/\">Strona G\u0142\u00f3wna<\/a><\/span><\/span><span><span><a href=\"https:\/\/studioplus.pl\/\">Strona G\u0142\u00f3wna<\/a><\/span><\/span>WELDED LETTERS Welded letters are the most frequently chosen technology for halo effect. We weld signs made of aluminum, stainless and black steel as well as brass. When the letters are illuminated to the back there\u2019s a glow created around them, giving them a unique and elegant look. They are mounted to the facade on [&hellip;]<\/p>\n","protected":false},"author":1,"featured_media":0,"parent":1611,"menu_order":0,"comment_status":"closed","ping_status":"closed","template":"","meta":{"_et_pb_use_builder":"on","_et_pb_old_content":"","_et_gb_content_width":"","footnotes":""},"class_list":["post-1636","page","type-page","status-publish","hentry"],"yoast_head":"<!-- This site is optimized with the Yoast SEO plugin v22.0 - https:\/\/yoast.com\/wordpress\/plugins\/seo\/ -->\n<title>Back-lit letters - Studio Plus<\/title>\n<meta name=\"robots\" content=\"index, follow, max-snippet:-1, max-image-preview:large, max-video-preview:-1\" \/>\n<link rel=\"canonical\" href=\"https:\/\/studioplus.pl\/en\/products\/back-lit-letters\/\" \/>\n<meta property=\"og:locale\" content=\"en_US\" \/>\n<meta property=\"og:type\" content=\"article\" \/>\n<meta property=\"og:title\" content=\"Back-lit letters - Studio Plus\" \/>\n<meta property=\"og:description\" content=\"WELDED LETTERS Welded letters are the most frequently chosen technology for halo effect. We weld signs made of aluminum, stainless and black steel as well as brass. When the letters are illuminated to the back there\u2019s a glow created around them, giving them a unique and elegant look. They are mounted to the facade on [&hellip;]\" \/>\n<meta property=\"og:url\" content=\"https:\/\/studioplus.pl\/en\/products\/back-lit-letters\/\" \/>\n<meta property=\"og:site_name\" content=\"Studio Plus\" \/>\n<meta property=\"article:modified_time\" content=\"2023-04-19T12:25:57+00:00\" \/>\n<meta name=\"twitter:card\" content=\"summary_large_image\" \/>\n<meta name=\"twitter:label1\" content=\"Est. reading time\" \/>\n\t<meta name=\"twitter:data1\" content=\"4 minutes\" \/>\n<script type=\"application\/ld+json\" class=\"yoast-schema-graph\">{\"@context\":\"https:\/\/schema.org\",\"@graph\":[{\"@type\":\"WebPage\",\"@id\":\"https:\/\/studioplus.pl\/en\/products\/back-lit-letters\/\",\"url\":\"https:\/\/studioplus.pl\/en\/products\/back-lit-letters\/\",\"name\":\"Back-lit letters - Studio Plus\",\"isPartOf\":{\"@id\":\"https:\/\/studioplus.pl\/#website\"},\"datePublished\":\"2021-10-19T07:46:47+00:00\",\"dateModified\":\"2023-04-19T12:25:57+00:00\",\"breadcrumb\":{\"@id\":\"https:\/\/studioplus.pl\/en\/products\/back-lit-letters\/#breadcrumb\"},\"inLanguage\":\"en-US\",\"potentialAction\":[{\"@type\":\"ReadAction\",\"target\":[\"https:\/\/studioplus.pl\/en\/products\/back-lit-letters\/\"]}]},{\"@type\":\"BreadcrumbList\",\"@id\":\"https:\/\/studioplus.pl\/en\/products\/back-lit-letters\/#breadcrumb\",\"itemListElement\":[{\"@type\":\"ListItem\",\"position\":1,\"name\":\"Strona G\u0142\u00f3wna\",\"item\":\"https:\/\/studioplus.pl\/\"},{\"@type\":\"ListItem\",\"position\":2,\"name\":\"Products\",\"item\":\"https:\/\/studioplus.pl\/en\/products\/\"},{\"@type\":\"ListItem\",\"position\":3,\"name\":\"Back-lit letters\"}]},{\"@type\":\"WebSite\",\"@id\":\"https:\/\/studioplus.pl\/#website\",\"url\":\"https:\/\/studioplus.pl\/\",\"name\":\"Studio Plus\",\"description\":\"Studio Plus\",\"potentialAction\":[{\"@type\":\"SearchAction\",\"target\":{\"@type\":\"EntryPoint\",\"urlTemplate\":\"https:\/\/studioplus.pl\/?s={search_term_string}\"},\"query-input\":\"required name=search_term_string\"}],\"inLanguage\":\"en-US\"}]}<\/script>\n<!-- \/ Yoast SEO plugin. -->","yoast_head_json":{"title":"Back-lit letters - Studio Plus","robots":{"index":"index","follow":"follow","max-snippet":"max-snippet:-1","max-image-preview":"max-image-preview:large","max-video-preview":"max-video-preview:-1"},"canonical":"https:\/\/studioplus.pl\/en\/products\/back-lit-letters\/","og_locale":"en_US","og_type":"article","og_title":"Back-lit letters - Studio Plus","og_description":"WELDED LETTERS Welded letters are the most frequently chosen technology for halo effect. We weld signs made of aluminum, stainless and black steel as well as brass. When the letters are illuminated to the back there\u2019s a glow created around them, giving them a unique and elegant look. They are mounted to the facade on [&hellip;]","og_url":"https:\/\/studioplus.pl\/en\/products\/back-lit-letters\/","og_site_name":"Studio Plus","article_modified_time":"2023-04-19T12:25:57+00:00","twitter_card":"summary_large_image","twitter_misc":{"Est. reading time":"4 minutes"},"schema":{"@context":"https:\/\/schema.org","@graph":[{"@type":"WebPage","@id":"https:\/\/studioplus.pl\/en\/products\/back-lit-letters\/","url":"https:\/\/studioplus.pl\/en\/products\/back-lit-letters\/","name":"Back-lit letters - Studio Plus","isPartOf":{"@id":"https:\/\/studioplus.pl\/#website"},"datePublished":"2021-10-19T07:46:47+00:00","dateModified":"2023-04-19T12:25:57+00:00","breadcrumb":{"@id":"https:\/\/studioplus.pl\/en\/products\/back-lit-letters\/#breadcrumb"},"inLanguage":"en-US","potentialAction":[{"@type":"ReadAction","target":["https:\/\/studioplus.pl\/en\/products\/back-lit-letters\/"]}]},{"@type":"BreadcrumbList","@id":"https:\/\/studioplus.pl\/en\/products\/back-lit-letters\/#breadcrumb","itemListElement":[{"@type":"ListItem","position":1,"name":"Strona G\u0142\u00f3wna","item":"https:\/\/studioplus.pl\/"},{"@type":"ListItem","position":2,"name":"Products","item":"https:\/\/studioplus.pl\/en\/products\/"},{"@type":"ListItem","position":3,"name":"Back-lit letters"}]},{"@type":"WebSite","@id":"https:\/\/studioplus.pl\/#website","url":"https:\/\/studioplus.pl\/","name":"Studio Plus","description":"Studio Plus","potentialAction":[{"@type":"SearchAction","target":{"@type":"EntryPoint","urlTemplate":"https:\/\/studioplus.pl\/?s={search_term_string}"},"query-input":"required name=search_term_string"}],"inLanguage":"en-US"}]}},"_links":{"self":[{"href":"https:\/\/studioplus.pl\/en\/wp-json\/wp\/v2\/pages\/1636","targetHints":{"allow":["GET"]}}],"collection":[{"href":"https:\/\/studioplus.pl\/en\/wp-json\/wp\/v2\/pages"}],"about":[{"href":"https:\/\/studioplus.pl\/en\/wp-json\/wp\/v2\/types\/page"}],"author":[{"embeddable":true,"href":"https:\/\/studioplus.pl\/en\/wp-json\/wp\/v2\/users\/1"}],"replies":[{"embeddable":true,"href":"https:\/\/studioplus.pl\/en\/wp-json\/wp\/v2\/comments?post=1636"}],"version-history":[{"count":6,"href":"https:\/\/studioplus.pl\/en\/wp-json\/wp\/v2\/pages\/1636\/revisions"}],"predecessor-version":[{"id":2092,"href":"https:\/\/studioplus.pl\/en\/wp-json\/wp\/v2\/pages\/1636\/revisions\/2092"}],"up":[{"embeddable":true,"href":"https:\/\/studioplus.pl\/en\/wp-json\/wp\/v2\/pages\/1611"}],"wp:attachment":[{"href":"https:\/\/studioplus.pl\/en\/wp-json\/wp\/v2\/media?parent=1636"}],"curies":[{"name":"wp","href":"https:\/\/api.w.org\/{rel}","templated":true}]}}