{"id":1640,"date":"2021-10-19T09:47:11","date_gmt":"2021-10-19T07:47:11","guid":{"rendered":"https:\/\/studioplus.pl\/products\/kasetony-reklamowe\/"},"modified":"2022-11-03T12:15:38","modified_gmt":"2022-11-03T10:15:38","slug":"lightboxes","status":"publish","type":"page","link":"https:\/\/studioplus.pl\/en\/products\/lightboxes\/","title":{"rendered":"Lightboxes"},"content":{"rendered":"<p>[et_pb_section fb_built=&#8221;1&#8243; disabled_on=&#8221;off|off|off&#8221; admin_label=&#8221;Breadcrumbs&#8221; _builder_version=&#8221;4.16&#8243; _module_preset=&#8221;default&#8221; custom_padding=&#8221;0px||0px||false|false&#8221; collapsed=&#8221;on&#8221; global_colors_info=&#8221;{}&#8221;][et_pb_row column_structure=&#8221;1_2,1_2&#8243; use_custom_gutter=&#8221;on&#8221; gutter_width=&#8221;1&#8243; make_equal=&#8221;on&#8221; disabled_on=&#8221;on|on|off&#8221; _builder_version=&#8221;4.16&#8243; _module_preset=&#8221;default&#8221; width=&#8221;100%&#8221; max_width=&#8221;1366px&#8221; custom_padding=&#8221;||||false|false&#8221; global_colors_info=&#8221;{}&#8221;][et_pb_column type=&#8221;1_2&#8243; _builder_version=&#8221;4.16&#8243; _module_preset=&#8221;default&#8221; custom_css_main_element=&#8221;width: 50%!important;||margin: auto;&#8221; global_colors_info=&#8221;{}&#8221;][et_pb_code module_class=&#8221;breadcrums_style&#8221; _builder_version=&#8221;4.16&#8243; _module_preset=&#8221;default&#8221; global_colors_info=&#8221;{}&#8221;]<span><span><a href=\"https:\/\/studioplus.pl\/\">Strona G\u0142\u00f3wna<\/a><\/span><\/span>[\/et_pb_code][\/et_pb_column][et_pb_column type=&#8221;1_2&#8243; _builder_version=&#8221;4.16&#8243; _module_preset=&#8221;default&#8221; custom_css_main_element=&#8221;width: 50%!important;||margin: auto;&#8221; global_colors_info=&#8221;{}&#8221;][\/et_pb_column][\/et_pb_row][et_pb_row use_custom_gutter=&#8221;on&#8221; gutter_width=&#8221;1&#8243; make_equal=&#8221;on&#8221; disabled_on=&#8221;off|off|on&#8221; admin_label=&#8221;Wiersz&#8221; _builder_version=&#8221;4.16&#8243; _module_preset=&#8221;default&#8221; width=&#8221;100%&#8221; max_width=&#8221;1366px&#8221; custom_padding=&#8221;|||10px|false|false&#8221; global_colors_info=&#8221;{}&#8221;][et_pb_column type=&#8221;4_4&#8243; _builder_version=&#8221;4.16&#8243; _module_preset=&#8221;default&#8221; custom_css_main_element=&#8221;margin: auto;||&#8221; global_colors_info=&#8221;{}&#8221;][et_pb_code module_class=&#8221;breadcrums_style&#8221; _builder_version=&#8221;4.17.0&#8243; _module_preset=&#8221;default&#8221; global_colors_info=&#8221;{}&#8221;]<span><span><a href=\"https:\/\/studioplus.pl\/\">Strona G\u0142\u00f3wna<\/a><\/span><\/span>[\/et_pb_code][\/et_pb_column][\/et_pb_row][\/et_pb_section][et_pb_section fb_built=&#8221;1&#8243; admin_label=&#8221;Opis&#8221; _builder_version=&#8221;4.17.0&#8243; _module_preset=&#8221;default&#8221; custom_padding=&#8221;0px||0px||false|false&#8221; collapsed=&#8221;off&#8221; global_colors_info=&#8221;{}&#8221;][et_pb_row column_structure=&#8221;2_5,3_5&#8243; use_custom_gutter=&#8221;on&#8221; gutter_width=&#8221;1&#8243; make_equal=&#8221;on&#8221; _builder_version=&#8221;4.16&#8243; _module_preset=&#8221;default&#8221; width=&#8221;100%&#8221; max_width=&#8221;1366px&#8221; global_colors_info=&#8221;{}&#8221;][et_pb_column type=&#8221;2_5&#8243; _builder_version=&#8221;4.16&#8243; _module_preset=&#8221;default&#8221; global_colors_info=&#8221;{}&#8221;][et_pb_image src=&#8221;https:\/\/studioplus.pl\/wp-content\/uploads\/2022\/08\/Jurek.jpg&#8221; alt=&#8221;Zdj\u0119cie przedstawia du\u017ce przestrzenne litery. S\u0105 w kolorze zielonym.&#8221; title_text=&#8221;Jurek&#8221; _builder_version=&#8221;4.17.4&#8243; _module_preset=&#8221;default&#8221; global_colors_info=&#8221;{}&#8221;][\/et_pb_image][\/et_pb_column][et_pb_column type=&#8221;3_5&#8243; _builder_version=&#8221;4.16&#8243; _module_preset=&#8221;default&#8221; global_colors_info=&#8221;{}&#8221;][et_pb_text module_class=&#8221;gemunu&#8221; _builder_version=&#8221;4.17.0&#8243; _dynamic_attributes=&#8221;content&#8221; _module_preset=&#8221;default&#8221; header_2_font=&#8221;|700|||||||&#8221; header_2_text_color=&#8221;#FFFFFF&#8221; header_2_font_size=&#8221;98px&#8221; custom_margin=&#8221;16px|||-47px|false|false&#8221; custom_margin_tablet=&#8221;16px|||10px|false|false&#8221; custom_margin_phone=&#8221;|||10px|false|false&#8221; custom_margin_last_edited=&#8221;on|phone&#8221; hover_enabled=&#8221;0&#8243; header_2_font_size_tablet=&#8221;&#8221; header_2_font_size_phone=&#8221;52px&#8221; header_2_font_size_last_edited=&#8221;on|desktop&#8221; custom_css_main_element=&#8221; text-shadow:||    -1px -1px 0 #042e58,||     0   -1px 0 #042e58,||     1px -1px 0 #042e58,||     1px  0   0 #042e58,||     1px  1px 0 #042e58,||     0    1px 0 #042e58,||    -1px  1px 0 #042e58,||    -1px  0   0 #042e58;&#8221; global_colors_info=&#8221;{}&#8221; header_2_font_size__hover_enabled=&#8221;off|desktop&#8221; sticky_enabled=&#8221;0&#8243;]@ET-DC@eyJkeW5hbWljIjp0cnVlLCJjb250ZW50IjoicG9zdF90aXRsZSIsInNldHRpbmdzIjp7ImJlZm9yZSI6IjxoMj4iLCJhZnRlciI6IjwvaDI+In19@[\/et_pb_text][\/et_pb_column][\/et_pb_row][\/et_pb_section][et_pb_section fb_built=&#8221;1&#8243; admin_label=&#8221;Opis&#8221; _builder_version=&#8221;4.17.0&#8243; _module_preset=&#8221;default&#8221; collapsed=&#8221;off&#8221; global_colors_info=&#8221;{}&#8221;][et_pb_row _builder_version=&#8221;4.17.0&#8243; _module_preset=&#8221;default&#8221; positioning=&#8221;none&#8221; width=&#8221;100%&#8221; max_width=&#8221;1366px&#8221; custom_margin=&#8221;||||false|false&#8221; global_colors_info=&#8221;{}&#8221;][et_pb_column type=&#8221;4_4&#8243; _builder_version=&#8221;4.17.0&#8243; _module_preset=&#8221;default&#8221; z_index=&#8221;5&#8243; global_colors_info=&#8221;{}&#8221;][et_pb_text _builder_version=&#8221;4.17.4&#8243; _module_preset=&#8221;default&#8221; text_font=&#8221;Roboto||||||||&#8221; text_font_size=&#8221;18px&#8221; header_2_text_color=&#8221;#666666&#8243; position_origin_a=&#8221;center_left&#8221; position_origin_r=&#8221;top_right&#8221; position_origin_a_last_edited=&#8221;off|desktop&#8221; position_origin_f_last_edited=&#8221;off|desktop&#8221; position_origin_r_last_edited=&#8221;off|desktop&#8221; width=&#8221;100%&#8221; custom_margin=&#8221;||||false|false&#8221; custom_margin_tablet=&#8221;||||false|false&#8221; custom_margin_last_edited=&#8221;off|desktop&#8221; custom_padding=&#8221;|20px||20px|false|true&#8221; hover_enabled=&#8221;0&#8243; text_font_size_tablet=&#8221;&#8221; text_font_size_phone=&#8221;16px&#8221; text_font_size_last_edited=&#8221;on|phone&#8221; positioning_tablet=&#8221;none&#8221; positioning_last_edited=&#8221;off|desktop&#8221; global_colors_info=&#8221;{}&#8221; sticky_enabled=&#8221;0&#8243;]<\/p>\n<p><strong>Illuminated lightboxes<\/strong> are the simplest and at the same time very effective form of advertisement. The most popular lightboxes are rectangular, but depending on the chosen technology, they can take any shape.<\/p>\n<p><span style=\"color: #042e58;\">Taking into account the ilumination effect, we distinguish between the following lightboxes:<\/span><\/p>\n<ul>\n<li><span style=\"color: #e54d1c;\">with graphics milled and illuminated through plexiglass glued underneath<\/span><\/li>\n<\/ul>\n<p>&#8211; dibond lightboxes &#8211; available in standard colors<\/p>\n<p>&#8211; welded aluminum lightboxes &#8211; powder coated in a chosen RAL color<\/p>\n<ul>\n<li><span style=\"color: #e54d1c;\">with entire face illuminated:<\/span><\/li>\n<\/ul>\n<p>&#8211; lightboxes made with an aluminum profile with a plexiglass face &#8211; standard length up to 300 cm<\/p>\n<p>&#8211; lightboxes made with an aluminum profile and an elastic vinyl fabric stretched on the face &#8211; no limits as to the length of the lightbox<\/p>\n<p>[\/et_pb_text][\/et_pb_column][\/et_pb_row][et_pb_row custom_padding_last_edited=&#8221;on|desktop&#8221; _builder_version=&#8221;4.17.0&#8243; _module_preset=&#8221;default&#8221; width=&#8221;100%&#8221; max_width=&#8221;1366px&#8221; custom_margin=&#8221;||||false|false&#8221; custom_padding_tablet=&#8221;&#8221; custom_padding_phone=&#8221;|20px||20px|false|true&#8221; global_colors_info=&#8221;{}&#8221;][et_pb_column type=&#8221;4_4&#8243; _builder_version=&#8221;4.17.0&#8243; _module_preset=&#8221;default&#8221; global_colors_info=&#8221;{}&#8221;][dnxte_masonary gallery_ids=&#8221;1168,976,1163,1170,1154,1171,974,1153,1164,977,1155,1173,975,1167,978&#8243; dnxte_columns=&#8221;5&#8243; overlay_icon_color=&#8221;#e54d1b&#8221; hover_icon=&#8221;&#x55;||divi||400&#8243; dnxtemasonary_title_margin=&#8221;|0|0|0|false|false&#8221; _builder_version=&#8221;4.17.4&#8243; _module_preset=&#8221;default&#8221; global_colors_info=&#8221;{}&#8221;][\/dnxte_masonary][\/et_pb_column][\/et_pb_row][\/et_pb_section]<\/p>\n","protected":false},"excerpt":{"rendered":"<p><span><span><a href=\"https:\/\/studioplus.pl\/\">Strona G\u0142\u00f3wna<\/a><\/span><\/span><span><span><a href=\"https:\/\/studioplus.pl\/\">Strona G\u0142\u00f3wna<\/a><\/span><\/span>Illuminated lightboxes are the simplest and at the same time very effective form of advertisement. The most popular lightboxes are rectangular, but depending on the chosen technology, they can take any shape. Taking into account the ilumination effect, we distinguish between the following lightboxes: with graphics milled and illuminated through plexiglass glued underneath &#8211; dibond [&hellip;]<\/p>\n","protected":false},"author":1,"featured_media":0,"parent":1611,"menu_order":0,"comment_status":"closed","ping_status":"closed","template":"","meta":{"_et_pb_use_builder":"on","_et_pb_old_content":"","_et_gb_content_width":"","footnotes":""},"class_list":["post-1640","page","type-page","status-publish","hentry"],"yoast_head":"<!-- This site is optimized with the Yoast SEO plugin v22.0 - https:\/\/yoast.com\/wordpress\/plugins\/seo\/ -->\n<title>Lightboxes - Studio Plus<\/title>\n<meta name=\"robots\" content=\"index, follow, max-snippet:-1, max-image-preview:large, max-video-preview:-1\" \/>\n<link rel=\"canonical\" href=\"https:\/\/studioplus.pl\/en\/products\/lightboxes\/\" \/>\n<meta property=\"og:locale\" content=\"en_US\" \/>\n<meta property=\"og:type\" content=\"article\" \/>\n<meta property=\"og:title\" content=\"Lightboxes - Studio Plus\" \/>\n<meta property=\"og:description\" content=\"Illuminated lightboxes are the simplest and at the same time very effective form of advertisement. The most popular lightboxes are rectangular, but depending on the chosen technology, they can take any shape. Taking into account the ilumination effect, we distinguish between the following lightboxes: with graphics milled and illuminated through plexiglass glued underneath - dibond [&hellip;]\" \/>\n<meta property=\"og:url\" content=\"https:\/\/studioplus.pl\/en\/products\/lightboxes\/\" \/>\n<meta property=\"og:site_name\" content=\"Studio Plus\" \/>\n<meta property=\"article:modified_time\" content=\"2022-11-03T10:15:38+00:00\" \/>\n<meta name=\"twitter:card\" content=\"summary_large_image\" \/>\n<meta name=\"twitter:label1\" content=\"Est. reading time\" \/>\n\t<meta name=\"twitter:data1\" content=\"7 minutes\" \/>\n<script type=\"application\/ld+json\" class=\"yoast-schema-graph\">{\"@context\":\"https:\/\/schema.org\",\"@graph\":[{\"@type\":\"WebPage\",\"@id\":\"https:\/\/studioplus.pl\/en\/products\/lightboxes\/\",\"url\":\"https:\/\/studioplus.pl\/en\/products\/lightboxes\/\",\"name\":\"Lightboxes - Studio Plus\",\"isPartOf\":{\"@id\":\"https:\/\/studioplus.pl\/#website\"},\"datePublished\":\"2021-10-19T07:47:11+00:00\",\"dateModified\":\"2022-11-03T10:15:38+00:00\",\"breadcrumb\":{\"@id\":\"https:\/\/studioplus.pl\/en\/products\/lightboxes\/#breadcrumb\"},\"inLanguage\":\"en-US\",\"potentialAction\":[{\"@type\":\"ReadAction\",\"target\":[\"https:\/\/studioplus.pl\/en\/products\/lightboxes\/\"]}]},{\"@type\":\"BreadcrumbList\",\"@id\":\"https:\/\/studioplus.pl\/en\/products\/lightboxes\/#breadcrumb\",\"itemListElement\":[{\"@type\":\"ListItem\",\"position\":1,\"name\":\"Strona G\u0142\u00f3wna\",\"item\":\"https:\/\/studioplus.pl\/\"},{\"@type\":\"ListItem\",\"position\":2,\"name\":\"Products\",\"item\":\"https:\/\/studioplus.pl\/en\/products\/\"},{\"@type\":\"ListItem\",\"position\":3,\"name\":\"Lightboxes\"}]},{\"@type\":\"WebSite\",\"@id\":\"https:\/\/studioplus.pl\/#website\",\"url\":\"https:\/\/studioplus.pl\/\",\"name\":\"Studio Plus\",\"description\":\"Studio Plus\",\"potentialAction\":[{\"@type\":\"SearchAction\",\"target\":{\"@type\":\"EntryPoint\",\"urlTemplate\":\"https:\/\/studioplus.pl\/?s={search_term_string}\"},\"query-input\":\"required name=search_term_string\"}],\"inLanguage\":\"en-US\"}]}<\/script>\n<!-- \/ Yoast SEO plugin. -->","yoast_head_json":{"title":"Lightboxes - Studio Plus","robots":{"index":"index","follow":"follow","max-snippet":"max-snippet:-1","max-image-preview":"max-image-preview:large","max-video-preview":"max-video-preview:-1"},"canonical":"https:\/\/studioplus.pl\/en\/products\/lightboxes\/","og_locale":"en_US","og_type":"article","og_title":"Lightboxes - Studio Plus","og_description":"Illuminated lightboxes are the simplest and at the same time very effective form of advertisement. The most popular lightboxes are rectangular, but depending on the chosen technology, they can take any shape. Taking into account the ilumination effect, we distinguish between the following lightboxes: with graphics milled and illuminated through plexiglass glued underneath - dibond [&hellip;]","og_url":"https:\/\/studioplus.pl\/en\/products\/lightboxes\/","og_site_name":"Studio Plus","article_modified_time":"2022-11-03T10:15:38+00:00","twitter_card":"summary_large_image","twitter_misc":{"Est. reading time":"7 minutes"},"schema":{"@context":"https:\/\/schema.org","@graph":[{"@type":"WebPage","@id":"https:\/\/studioplus.pl\/en\/products\/lightboxes\/","url":"https:\/\/studioplus.pl\/en\/products\/lightboxes\/","name":"Lightboxes - Studio Plus","isPartOf":{"@id":"https:\/\/studioplus.pl\/#website"},"datePublished":"2021-10-19T07:47:11+00:00","dateModified":"2022-11-03T10:15:38+00:00","breadcrumb":{"@id":"https:\/\/studioplus.pl\/en\/products\/lightboxes\/#breadcrumb"},"inLanguage":"en-US","potentialAction":[{"@type":"ReadAction","target":["https:\/\/studioplus.pl\/en\/products\/lightboxes\/"]}]},{"@type":"BreadcrumbList","@id":"https:\/\/studioplus.pl\/en\/products\/lightboxes\/#breadcrumb","itemListElement":[{"@type":"ListItem","position":1,"name":"Strona G\u0142\u00f3wna","item":"https:\/\/studioplus.pl\/"},{"@type":"ListItem","position":2,"name":"Products","item":"https:\/\/studioplus.pl\/en\/products\/"},{"@type":"ListItem","position":3,"name":"Lightboxes"}]},{"@type":"WebSite","@id":"https:\/\/studioplus.pl\/#website","url":"https:\/\/studioplus.pl\/","name":"Studio Plus","description":"Studio Plus","potentialAction":[{"@type":"SearchAction","target":{"@type":"EntryPoint","urlTemplate":"https:\/\/studioplus.pl\/?s={search_term_string}"},"query-input":"required name=search_term_string"}],"inLanguage":"en-US"}]}},"_links":{"self":[{"href":"https:\/\/studioplus.pl\/en\/wp-json\/wp\/v2\/pages\/1640","targetHints":{"allow":["GET"]}}],"collection":[{"href":"https:\/\/studioplus.pl\/en\/wp-json\/wp\/v2\/pages"}],"about":[{"href":"https:\/\/studioplus.pl\/en\/wp-json\/wp\/v2\/types\/page"}],"author":[{"embeddable":true,"href":"https:\/\/studioplus.pl\/en\/wp-json\/wp\/v2\/users\/1"}],"replies":[{"embeddable":true,"href":"https:\/\/studioplus.pl\/en\/wp-json\/wp\/v2\/comments?post=1640"}],"version-history":[{"count":7,"href":"https:\/\/studioplus.pl\/en\/wp-json\/wp\/v2\/pages\/1640\/revisions"}],"predecessor-version":[{"id":2008,"href":"https:\/\/studioplus.pl\/en\/wp-json\/wp\/v2\/pages\/1640\/revisions\/2008"}],"up":[{"embeddable":true,"href":"https:\/\/studioplus.pl\/en\/wp-json\/wp\/v2\/pages\/1611"}],"wp:attachment":[{"href":"https:\/\/studioplus.pl\/en\/wp-json\/wp\/v2\/media?parent=1640"}],"curies":[{"name":"wp","href":"https:\/\/api.w.org\/{rel}","templated":true}]}}