{"id":1645,"date":"2021-10-19T09:47:29","date_gmt":"2021-10-19T07:47:29","guid":{"rendered":"https:\/\/studioplus.pl\/products\/semafory-i-pylony\/"},"modified":"2022-11-03T12:12:05","modified_gmt":"2022-11-03T10:12:05","slug":"double-sided-lightboxes-and-pylons","status":"publish","type":"page","link":"https:\/\/studioplus.pl\/en\/products\/double-sided-lightboxes-and-pylons\/","title":{"rendered":"Double-sided lightboxes and pylons"},"content":{"rendered":"<p>[et_pb_section fb_built=&#8221;1&#8243; disabled_on=&#8221;off|off|off&#8221; admin_label=&#8221;Breadcrumbs&#8221; _builder_version=&#8221;4.16&#8243; _module_preset=&#8221;default&#8221; custom_padding=&#8221;0px||0px||false|false&#8221; collapsed=&#8221;on&#8221; global_colors_info=&#8221;{}&#8221;][et_pb_row column_structure=&#8221;1_2,1_2&#8243; use_custom_gutter=&#8221;on&#8221; gutter_width=&#8221;1&#8243; make_equal=&#8221;on&#8221; disabled_on=&#8221;on|on|off&#8221; _builder_version=&#8221;4.16&#8243; _module_preset=&#8221;default&#8221; width=&#8221;100%&#8221; max_width=&#8221;1366px&#8221; custom_padding=&#8221;||||false|false&#8221; global_colors_info=&#8221;{}&#8221;][et_pb_column type=&#8221;1_2&#8243; _builder_version=&#8221;4.16&#8243; _module_preset=&#8221;default&#8221; custom_css_main_element=&#8221;width: 50%!important;||margin: auto;&#8221; global_colors_info=&#8221;{}&#8221;][et_pb_code module_class=&#8221;breadcrums_style&#8221; _builder_version=&#8221;4.16&#8243; _module_preset=&#8221;default&#8221; global_colors_info=&#8221;{}&#8221;]<span><span><a href=\"https:\/\/studioplus.pl\/\">Strona G\u0142\u00f3wna<\/a><\/span><\/span>[\/et_pb_code][\/et_pb_column][et_pb_column type=&#8221;1_2&#8243; _builder_version=&#8221;4.16&#8243; _module_preset=&#8221;default&#8221; custom_css_main_element=&#8221;width: 50%!important;||margin: auto;&#8221; global_colors_info=&#8221;{}&#8221;][\/et_pb_column][\/et_pb_row][et_pb_row use_custom_gutter=&#8221;on&#8221; gutter_width=&#8221;1&#8243; make_equal=&#8221;on&#8221; disabled_on=&#8221;off|off|on&#8221; admin_label=&#8221;Wiersz&#8221; _builder_version=&#8221;4.16&#8243; _module_preset=&#8221;default&#8221; width=&#8221;100%&#8221; max_width=&#8221;1366px&#8221; custom_padding=&#8221;|||10px|false|false&#8221; global_colors_info=&#8221;{}&#8221;][et_pb_column type=&#8221;4_4&#8243; _builder_version=&#8221;4.16&#8243; _module_preset=&#8221;default&#8221; custom_css_main_element=&#8221;margin: auto;||&#8221; global_colors_info=&#8221;{}&#8221;][et_pb_code module_class=&#8221;breadcrums_style&#8221; _builder_version=&#8221;4.17.0&#8243; _module_preset=&#8221;default&#8221; global_colors_info=&#8221;{}&#8221;]<span><span><a href=\"https:\/\/studioplus.pl\/\">Strona G\u0142\u00f3wna<\/a><\/span><\/span>[\/et_pb_code][\/et_pb_column][\/et_pb_row][\/et_pb_section][et_pb_section fb_built=&#8221;1&#8243; admin_label=&#8221;Opis&#8221; _builder_version=&#8221;4.17.0&#8243; _module_preset=&#8221;default&#8221; custom_padding=&#8221;0px||0px||false|false&#8221; collapsed=&#8221;off&#8221; global_colors_info=&#8221;{}&#8221;][et_pb_row column_structure=&#8221;2_5,3_5&#8243; use_custom_gutter=&#8221;on&#8221; gutter_width=&#8221;1&#8243; make_equal=&#8221;on&#8221; _builder_version=&#8221;4.16&#8243; _module_preset=&#8221;default&#8221; width=&#8221;100%&#8221; max_width=&#8221;1366px&#8221; global_colors_info=&#8221;{}&#8221;][et_pb_column type=&#8221;2_5&#8243; _builder_version=&#8221;4.16&#8243; _module_preset=&#8221;default&#8221; global_colors_info=&#8221;{}&#8221;][et_pb_image src=&#8221;https:\/\/studioplus.pl\/wp-content\/uploads\/2022\/05\/s2.jpg&#8221; alt=&#8221;Zdj\u0119cie przedstawia du\u017ce przestrzenne litery. S\u0105 w kolorze zielonym.&#8221; title_text=&#8221;s2&#8243; _builder_version=&#8221;4.17.0&#8243; _module_preset=&#8221;default&#8221; global_colors_info=&#8221;{}&#8221;][\/et_pb_image][\/et_pb_column][et_pb_column type=&#8221;3_5&#8243; _builder_version=&#8221;4.16&#8243; _module_preset=&#8221;default&#8221; global_colors_info=&#8221;{}&#8221;][et_pb_text module_class=&#8221;gemunu&#8221; _builder_version=&#8221;4.17.0&#8243; _dynamic_attributes=&#8221;content&#8221; _module_preset=&#8221;default&#8221; header_2_font=&#8221;|700|||||||&#8221; header_2_text_color=&#8221;#FFFFFF&#8221; header_2_font_size=&#8221;98px&#8221; custom_margin=&#8221;16px|||-47px|false|false&#8221; custom_margin_tablet=&#8221;16px|||10px|false|false&#8221; custom_margin_phone=&#8221;|||10px|false|false&#8221; custom_margin_last_edited=&#8221;on|phone&#8221; hover_enabled=&#8221;0&#8243; header_2_font_size_tablet=&#8221;&#8221; header_2_font_size_phone=&#8221;52px&#8221; header_2_font_size_last_edited=&#8221;on|desktop&#8221; custom_css_main_element=&#8221; text-shadow:||    -1px -1px 0 #042e58,||     0   -1px 0 #042e58,||     1px -1px 0 #042e58,||     1px  0   0 #042e58,||     1px  1px 0 #042e58,||     0    1px 0 #042e58,||    -1px  1px 0 #042e58,||    -1px  0   0 #042e58;&#8221; global_colors_info=&#8221;{}&#8221; header_2_font_size__hover_enabled=&#8221;off|desktop&#8221; sticky_enabled=&#8221;0&#8243;]@ET-DC@eyJkeW5hbWljIjp0cnVlLCJjb250ZW50IjoicG9zdF90aXRsZSIsInNldHRpbmdzIjp7ImJlZm9yZSI6IjxoMj4iLCJhZnRlciI6IjwvaDI+In19@[\/et_pb_text][\/et_pb_column][\/et_pb_row][\/et_pb_section][et_pb_section fb_built=&#8221;1&#8243; admin_label=&#8221;Opis&#8221; _builder_version=&#8221;4.17.0&#8243; _module_preset=&#8221;default&#8221; collapsed=&#8221;off&#8221; global_colors_info=&#8221;{}&#8221;][et_pb_row _builder_version=&#8221;4.17.0&#8243; _module_preset=&#8221;default&#8221; positioning=&#8221;none&#8221; width=&#8221;100%&#8221; max_width=&#8221;1366px&#8221; custom_margin=&#8221;||||false|false&#8221; global_colors_info=&#8221;{}&#8221;][et_pb_column type=&#8221;4_4&#8243; _builder_version=&#8221;4.17.0&#8243; _module_preset=&#8221;default&#8221; z_index=&#8221;5&#8243; global_colors_info=&#8221;{}&#8221;][et_pb_text _builder_version=&#8221;4.17.4&#8243; _module_preset=&#8221;default&#8221; text_font=&#8221;Roboto||||||||&#8221; text_font_size=&#8221;18px&#8221; header_2_text_color=&#8221;#666666&#8243; position_origin_a=&#8221;center_left&#8221; position_origin_r=&#8221;top_right&#8221; position_origin_a_last_edited=&#8221;off|desktop&#8221; position_origin_f_last_edited=&#8221;off|desktop&#8221; position_origin_r_last_edited=&#8221;off|desktop&#8221; width=&#8221;100%&#8221; custom_margin=&#8221;||||false|false&#8221; custom_margin_tablet=&#8221;||||false|false&#8221; custom_margin_last_edited=&#8221;off|desktop&#8221; custom_padding=&#8221;|20px||20px|false|true&#8221; hover_enabled=&#8221;0&#8243; text_font_size_tablet=&#8221;&#8221; text_font_size_phone=&#8221;16px&#8221; text_font_size_last_edited=&#8221;on|phone&#8221; positioning_tablet=&#8221;none&#8221; positioning_last_edited=&#8221;off|desktop&#8221; global_colors_info=&#8221;{}&#8221; sticky_enabled=&#8221;0&#8243;]<\/p>\n<h2><span style=\"color: #e54d1c;\"><strong>DOUBLE-SIDED LIGHTBOXES<\/strong><\/span><\/h2>\n<p class=\"Standard\">Double-sided lightbox is the most popular sign in use along the streets and above doors. It is mounted perpendicularly to the building facade and it\u2019s easily visible from both sides. We illuminate these signboards with special high-power LED modules that provide very good illumination of the graphic design. A wide range of technologies allows for a unique and eye-catching advertisement. Similarly to a one-sided lightbox, double-sided lightbox can have the entire face illuminated or only selected elements of the graphic design.<\/p>\n<p style=\"text-align: justify;\">\u200b<\/p>\n<p>[\/et_pb_text][\/et_pb_column][\/et_pb_row][et_pb_row custom_padding_last_edited=&#8221;on|desktop&#8221; _builder_version=&#8221;4.17.0&#8243; _module_preset=&#8221;default&#8221; width=&#8221;100%&#8221; max_width=&#8221;1366px&#8221; custom_margin=&#8221;||||false|false&#8221; custom_padding_tablet=&#8221;&#8221; custom_padding_phone=&#8221;|20px||20px|false|true&#8221; global_colors_info=&#8221;{}&#8221;][et_pb_column type=&#8221;4_4&#8243; _builder_version=&#8221;4.17.0&#8243; _module_preset=&#8221;default&#8221; global_colors_info=&#8221;{}&#8221;][dnxte_masonary gallery_ids=&#8221;997,1172,1167,1171&#8243; dnxte_columns=&#8221;5&#8243; overlay_icon_color=&#8221;#e54d1b&#8221; hover_icon=&#8221;&#x55;||divi||400&#8243; dnxtemasonary_title_margin=&#8221;|0|0|0|false|false&#8221; _builder_version=&#8221;4.17.4&#8243; _module_preset=&#8221;default&#8221; global_colors_info=&#8221;{}&#8221;][\/dnxte_masonary][\/et_pb_column][\/et_pb_row][et_pb_row _builder_version=&#8221;4.17.4&#8243; _module_preset=&#8221;default&#8221; positioning=&#8221;none&#8221; width=&#8221;100%&#8221; max_width=&#8221;1366px&#8221; custom_margin=&#8221;||||false|false&#8221; global_colors_info=&#8221;{}&#8221;][et_pb_column type=&#8221;4_4&#8243; _builder_version=&#8221;4.17.0&#8243; _module_preset=&#8221;default&#8221; z_index=&#8221;5&#8243; global_colors_info=&#8221;{}&#8221;][et_pb_text _builder_version=&#8221;4.17.4&#8243; _module_preset=&#8221;default&#8221; text_font=&#8221;Roboto||||||||&#8221; text_font_size=&#8221;18px&#8221; header_2_text_color=&#8221;#666666&#8243; position_origin_a=&#8221;center_left&#8221; position_origin_r=&#8221;top_right&#8221; position_origin_a_last_edited=&#8221;off|desktop&#8221; position_origin_f_last_edited=&#8221;off|desktop&#8221; position_origin_r_last_edited=&#8221;off|desktop&#8221; width=&#8221;100%&#8221; custom_margin=&#8221;||||false|false&#8221; custom_margin_tablet=&#8221;||||false|false&#8221; custom_margin_last_edited=&#8221;off|desktop&#8221; custom_padding=&#8221;|20px||20px|false|true&#8221; hover_enabled=&#8221;0&#8243; text_font_size_tablet=&#8221;&#8221; text_font_size_phone=&#8221;16px&#8221; text_font_size_last_edited=&#8221;on|phone&#8221; positioning_tablet=&#8221;none&#8221; positioning_last_edited=&#8221;off|desktop&#8221; global_colors_info=&#8221;{}&#8221; sticky_enabled=&#8221;0&#8243;]<\/p>\n<h2><span style=\"color: #e54d1c;\"><strong>PYLONS<\/strong><\/span><\/h2>\n<p class=\"Standard\">Pylon is a two-sided, free-standing outdoor advertising medium. There is no limit to the size, which allows you to place any information on it. The supporting structure of the totem is usually made of steel powder coated with a primer or secured with zinc. The body of the pylon is made of a composite board (dibond) or aluminum sheet painted in a chosen RAL color.<\/p>\n<p style=\"text-align: justify;\">\u200b<\/p>\n<p>[\/et_pb_text][\/et_pb_column][\/et_pb_row][et_pb_row custom_padding_last_edited=&#8221;on|phone&#8221; _builder_version=&#8221;4.17.0&#8243; _module_preset=&#8221;default&#8221; width=&#8221;100%&#8221; max_width=&#8221;1366px&#8221; custom_padding_tablet=&#8221;&#8221; custom_padding_phone=&#8221;|20px||20px|false|true&#8221; global_colors_info=&#8221;{}&#8221;][et_pb_column type=&#8221;4_4&#8243; _builder_version=&#8221;4.16&#8243; _module_preset=&#8221;default&#8221; global_colors_info=&#8221;{}&#8221;][dnxte_masonary gallery_ids=&#8221;996,999,998,997&#8243; dnxte_columns=&#8221;5&#8243; overlay_icon_color=&#8221;#e54d1b&#8221; hover_icon=&#8221;&#x55;||divi||400&#8243; _builder_version=&#8221;4.17.0&#8243; _module_preset=&#8221;default&#8221; global_colors_info=&#8221;{}&#8221;][\/dnxte_masonary][\/et_pb_column][\/et_pb_row][et_pb_row use_custom_gutter=&#8221;on&#8221; gutter_width=&#8221;1&#8243; make_equal=&#8221;on&#8221; _builder_version=&#8221;4.16&#8243; _module_preset=&#8221;default&#8221; width=&#8221;100%&#8221; max_width=&#8221;1366px&#8221; global_colors_info=&#8221;{}&#8221;][et_pb_column type=&#8221;4_4&#8243; _builder_version=&#8221;4.16&#8243; _module_preset=&#8221;default&#8221; global_colors_info=&#8221;{}&#8221;][et_pb_text _builder_version=&#8221;4.17.4&#8243; _module_preset=&#8221;default&#8221; text_font=&#8221;Roboto||||||||&#8221; text_font_size=&#8221;18px&#8221; header_2_text_color=&#8221;#666666&#8243; text_orientation=&#8221;center&#8221; custom_padding=&#8221;|||46px|false|false&#8221; custom_padding_tablet=&#8221;|20px||20px|false|true&#8221; custom_padding_phone=&#8221;&#8221; custom_padding_last_edited=&#8221;on|phone&#8221; hover_enabled=&#8221;0&#8243; text_font_size_tablet=&#8221;&#8221; text_font_size_phone=&#8221;16px&#8221; text_font_size_last_edited=&#8221;on|phone&#8221; global_colors_info=&#8221;{}&#8221; sticky_enabled=&#8221;0&#8243;]<\/p>\n<h2>With large-sized pylons and double-sided lightboxes, we can offer possibility of a constructor\u2019s project.<\/h2>\n<p>&nbsp;<\/p>\n<p>[\/et_pb_text][\/et_pb_column][\/et_pb_row][\/et_pb_section]<\/p>\n","protected":false},"excerpt":{"rendered":"<p><span><span><a href=\"https:\/\/studioplus.pl\/\">Strona G\u0142\u00f3wna<\/a><\/span><\/span><span><span><a href=\"https:\/\/studioplus.pl\/\">Strona G\u0142\u00f3wna<\/a><\/span><\/span>DOUBLE-SIDED LIGHTBOXES Double-sided lightbox is the most popular sign in use along the streets and above doors. It is mounted perpendicularly to the building facade and it\u2019s easily visible from both sides. We illuminate these signboards with special high-power LED modules that provide very good illumination of the graphic design. A wide range of technologies [&hellip;]<\/p>\n","protected":false},"author":1,"featured_media":0,"parent":1611,"menu_order":0,"comment_status":"closed","ping_status":"closed","template":"","meta":{"_et_pb_use_builder":"on","_et_pb_old_content":"","_et_gb_content_width":"","footnotes":""},"class_list":["post-1645","page","type-page","status-publish","hentry"],"yoast_head":"<!-- This site is optimized with the Yoast SEO plugin v22.0 - https:\/\/yoast.com\/wordpress\/plugins\/seo\/ -->\n<title>Double-sided lightboxes and pylons - Studio Plus<\/title>\n<meta name=\"robots\" content=\"index, follow, max-snippet:-1, max-image-preview:large, max-video-preview:-1\" \/>\n<link rel=\"canonical\" href=\"https:\/\/studioplus.pl\/en\/products\/double-sided-lightboxes-and-pylons\/\" \/>\n<meta property=\"og:locale\" content=\"en_US\" \/>\n<meta property=\"og:type\" content=\"article\" \/>\n<meta property=\"og:title\" content=\"Double-sided lightboxes and pylons - Studio Plus\" \/>\n<meta property=\"og:description\" content=\"DOUBLE-SIDED LIGHTBOXES Double-sided lightbox is the most popular sign in use along the streets and above doors. It is mounted perpendicularly to the building facade and it\u2019s easily visible from both sides. We illuminate these signboards with special high-power LED modules that provide very good illumination of the graphic design. A wide range of technologies [&hellip;]\" \/>\n<meta property=\"og:url\" content=\"https:\/\/studioplus.pl\/en\/products\/double-sided-lightboxes-and-pylons\/\" \/>\n<meta property=\"og:site_name\" content=\"Studio Plus\" \/>\n<meta property=\"article:modified_time\" content=\"2022-11-03T10:12:05+00:00\" \/>\n<meta name=\"twitter:card\" content=\"summary_large_image\" \/>\n<meta name=\"twitter:label1\" content=\"Est. reading time\" \/>\n\t<meta name=\"twitter:data1\" content=\"7 minutes\" \/>\n<script type=\"application\/ld+json\" class=\"yoast-schema-graph\">{\"@context\":\"https:\/\/schema.org\",\"@graph\":[{\"@type\":\"WebPage\",\"@id\":\"https:\/\/studioplus.pl\/en\/products\/double-sided-lightboxes-and-pylons\/\",\"url\":\"https:\/\/studioplus.pl\/en\/products\/double-sided-lightboxes-and-pylons\/\",\"name\":\"Double-sided lightboxes and pylons - Studio Plus\",\"isPartOf\":{\"@id\":\"https:\/\/studioplus.pl\/#website\"},\"datePublished\":\"2021-10-19T07:47:29+00:00\",\"dateModified\":\"2022-11-03T10:12:05+00:00\",\"breadcrumb\":{\"@id\":\"https:\/\/studioplus.pl\/en\/products\/double-sided-lightboxes-and-pylons\/#breadcrumb\"},\"inLanguage\":\"en-US\",\"potentialAction\":[{\"@type\":\"ReadAction\",\"target\":[\"https:\/\/studioplus.pl\/en\/products\/double-sided-lightboxes-and-pylons\/\"]}]},{\"@type\":\"BreadcrumbList\",\"@id\":\"https:\/\/studioplus.pl\/en\/products\/double-sided-lightboxes-and-pylons\/#breadcrumb\",\"itemListElement\":[{\"@type\":\"ListItem\",\"position\":1,\"name\":\"Strona G\u0142\u00f3wna\",\"item\":\"https:\/\/studioplus.pl\/\"},{\"@type\":\"ListItem\",\"position\":2,\"name\":\"Products\",\"item\":\"https:\/\/studioplus.pl\/en\/products\/\"},{\"@type\":\"ListItem\",\"position\":3,\"name\":\"Double-sided lightboxes and pylons\"}]},{\"@type\":\"WebSite\",\"@id\":\"https:\/\/studioplus.pl\/#website\",\"url\":\"https:\/\/studioplus.pl\/\",\"name\":\"Studio Plus\",\"description\":\"Studio Plus\",\"potentialAction\":[{\"@type\":\"SearchAction\",\"target\":{\"@type\":\"EntryPoint\",\"urlTemplate\":\"https:\/\/studioplus.pl\/?s={search_term_string}\"},\"query-input\":\"required name=search_term_string\"}],\"inLanguage\":\"en-US\"}]}<\/script>\n<!-- \/ Yoast SEO plugin. -->","yoast_head_json":{"title":"Double-sided lightboxes and pylons - Studio Plus","robots":{"index":"index","follow":"follow","max-snippet":"max-snippet:-1","max-image-preview":"max-image-preview:large","max-video-preview":"max-video-preview:-1"},"canonical":"https:\/\/studioplus.pl\/en\/products\/double-sided-lightboxes-and-pylons\/","og_locale":"en_US","og_type":"article","og_title":"Double-sided lightboxes and pylons - Studio Plus","og_description":"DOUBLE-SIDED LIGHTBOXES Double-sided lightbox is the most popular sign in use along the streets and above doors. It is mounted perpendicularly to the building facade and it\u2019s easily visible from both sides. We illuminate these signboards with special high-power LED modules that provide very good illumination of the graphic design. A wide range of technologies [&hellip;]","og_url":"https:\/\/studioplus.pl\/en\/products\/double-sided-lightboxes-and-pylons\/","og_site_name":"Studio Plus","article_modified_time":"2022-11-03T10:12:05+00:00","twitter_card":"summary_large_image","twitter_misc":{"Est. reading time":"7 minutes"},"schema":{"@context":"https:\/\/schema.org","@graph":[{"@type":"WebPage","@id":"https:\/\/studioplus.pl\/en\/products\/double-sided-lightboxes-and-pylons\/","url":"https:\/\/studioplus.pl\/en\/products\/double-sided-lightboxes-and-pylons\/","name":"Double-sided lightboxes and pylons - Studio Plus","isPartOf":{"@id":"https:\/\/studioplus.pl\/#website"},"datePublished":"2021-10-19T07:47:29+00:00","dateModified":"2022-11-03T10:12:05+00:00","breadcrumb":{"@id":"https:\/\/studioplus.pl\/en\/products\/double-sided-lightboxes-and-pylons\/#breadcrumb"},"inLanguage":"en-US","potentialAction":[{"@type":"ReadAction","target":["https:\/\/studioplus.pl\/en\/products\/double-sided-lightboxes-and-pylons\/"]}]},{"@type":"BreadcrumbList","@id":"https:\/\/studioplus.pl\/en\/products\/double-sided-lightboxes-and-pylons\/#breadcrumb","itemListElement":[{"@type":"ListItem","position":1,"name":"Strona G\u0142\u00f3wna","item":"https:\/\/studioplus.pl\/"},{"@type":"ListItem","position":2,"name":"Products","item":"https:\/\/studioplus.pl\/en\/products\/"},{"@type":"ListItem","position":3,"name":"Double-sided lightboxes and pylons"}]},{"@type":"WebSite","@id":"https:\/\/studioplus.pl\/#website","url":"https:\/\/studioplus.pl\/","name":"Studio Plus","description":"Studio Plus","potentialAction":[{"@type":"SearchAction","target":{"@type":"EntryPoint","urlTemplate":"https:\/\/studioplus.pl\/?s={search_term_string}"},"query-input":"required name=search_term_string"}],"inLanguage":"en-US"}]}},"_links":{"self":[{"href":"https:\/\/studioplus.pl\/en\/wp-json\/wp\/v2\/pages\/1645","targetHints":{"allow":["GET"]}}],"collection":[{"href":"https:\/\/studioplus.pl\/en\/wp-json\/wp\/v2\/pages"}],"about":[{"href":"https:\/\/studioplus.pl\/en\/wp-json\/wp\/v2\/types\/page"}],"author":[{"embeddable":true,"href":"https:\/\/studioplus.pl\/en\/wp-json\/wp\/v2\/users\/1"}],"replies":[{"embeddable":true,"href":"https:\/\/studioplus.pl\/en\/wp-json\/wp\/v2\/comments?post=1645"}],"version-history":[{"count":7,"href":"https:\/\/studioplus.pl\/en\/wp-json\/wp\/v2\/pages\/1645\/revisions"}],"predecessor-version":[{"id":2006,"href":"https:\/\/studioplus.pl\/en\/wp-json\/wp\/v2\/pages\/1645\/revisions\/2006"}],"up":[{"embeddable":true,"href":"https:\/\/studioplus.pl\/en\/wp-json\/wp\/v2\/pages\/1611"}],"wp:attachment":[{"href":"https:\/\/studioplus.pl\/en\/wp-json\/wp\/v2\/media?parent=1645"}],"curies":[{"name":"wp","href":"https:\/\/api.w.org\/{rel}","templated":true}]}}