{"id":1676,"date":"2021-10-14T10:30:23","date_gmt":"2021-10-14T08:30:23","guid":{"rendered":"https:\/\/studioplus.pl\/kontakt\/"},"modified":"2022-11-03T14:44:26","modified_gmt":"2022-11-03T12:44:26","slug":"contact","status":"publish","type":"page","link":"https:\/\/studioplus.pl\/en\/contact\/","title":{"rendered":"Contact"},"content":{"rendered":"<p>[et_pb_section fb_built=&#8221;1&#8243; disabled_on=&#8221;off|off|off&#8221; _builder_version=&#8221;4.16&#8243; _module_preset=&#8221;default&#8221; custom_padding=&#8221;0px||0px||false|false&#8221; collapsed=&#8221;off&#8221; global_colors_info=&#8221;{}&#8221;][et_pb_row column_structure=&#8221;1_3,1_3,1_3&#8243; use_custom_gutter=&#8221;on&#8221; gutter_width=&#8221;1&#8243; make_equal=&#8221;on&#8221; disabled_on=&#8221;on|on|off&#8221; _builder_version=&#8221;4.17.0&#8243; _module_preset=&#8221;default&#8221; width=&#8221;100%&#8221; max_width=&#8221;1366px&#8221; global_colors_info=&#8221;{}&#8221;][et_pb_column type=&#8221;1_3&#8243; _builder_version=&#8221;4.16&#8243; _module_preset=&#8221;default&#8221; custom_css_main_element=&#8221;width: 25%!important;||margin: auto;&#8221; global_colors_info=&#8221;{}&#8221;][et_pb_code module_class=&#8221;breadcrums_style&#8221; _builder_version=&#8221;4.16&#8243; _module_preset=&#8221;default&#8221; global_colors_info=&#8221;{}&#8221;]<span><span><a href=\"https:\/\/studioplus.pl\/\">Strona G\u0142\u00f3wna<\/a><\/span><\/span>[\/et_pb_code][\/et_pb_column][et_pb_column type=&#8221;1_3&#8243; _builder_version=&#8221;4.16&#8243; _module_preset=&#8221;default&#8221; custom_css_main_element=&#8221;width: 30%!important;||margin: auto;&#8221; global_colors_info=&#8221;{}&#8221;][\/et_pb_column][et_pb_column type=&#8221;1_3&#8243; _builder_version=&#8221;4.16&#8243; _module_preset=&#8221;default&#8221; custom_css_main_element=&#8221;width: 45%!important;||margin: auto;&#8221; global_colors_info=&#8221;{}&#8221;][\/et_pb_column][\/et_pb_row][\/et_pb_section][et_pb_section fb_built=&#8221;1&#8243; _builder_version=&#8221;4.16&#8243; _module_preset=&#8221;default&#8221; custom_padding=&#8221;17px||59px||false|false&#8221; global_colors_info=&#8221;{}&#8221;][et_pb_row column_structure=&#8221;2_5,3_5&#8243; make_equal=&#8221;on&#8221; custom_padding_last_edited=&#8221;on|phone&#8221; _builder_version=&#8221;4.17.0&#8243; _module_preset=&#8221;default&#8221; background_color=&#8221;#f6f6f6&#8243; width=&#8221;70%&#8221; width_tablet=&#8221;80%&#8221; width_phone=&#8221;80%&#8221; width_last_edited=&#8221;on|phone&#8221; max_width=&#8221;1366px&#8221; custom_padding=&#8221;30px|40px|30px|40px|true|true&#8221; custom_padding_tablet=&#8221;|20px||20px|true|true&#8221; custom_padding_phone=&#8221;&#8221; box_shadow_style=&#8221;preset1&#8243; box_shadow_vertical=&#8221;29px&#8221; box_shadow_blur=&#8221;102px&#8221; box_shadow_spread=&#8221;-26px&#8221; global_colors_info=&#8221;{}&#8221;][et_pb_column type=&#8221;2_5&#8243; _builder_version=&#8221;4.17.0&#8243; _module_preset=&#8221;default&#8221; custom_css_main_element=&#8221;margin: auto;&#8221; global_colors_info=&#8221;{}&#8221;][et_pb_text admin_label=&#8221;Tekst&#8221; module_class=&#8221;kontakt_glowna_gemunu_h2&#8243; _builder_version=&#8221;4.17.4&#8243; _module_preset=&#8221;default&#8221; header_2_font=&#8221;|600|||||||&#8221; header_2_text_color=&#8221;#042e58&#8243; header_2_font_size=&#8221;41px&#8221; global_colors_info=&#8221;{}&#8221;]<\/p>\n<h2>Contact <span style=\"color: #e54d1b;\">us!<\/span><\/h2>\n<p>[\/et_pb_text][et_pb_text _builder_version=&#8221;4.17.4&#8243; _module_preset=&#8221;default&#8221; text_font=&#8221;Roboto||||||||&#8221; text_text_color=&#8221;#7a7a7a&#8221; text_font_size=&#8221;18px&#8221; hover_enabled=&#8221;0&#8243; text_font_size_tablet=&#8221;&#8221; text_font_size_phone=&#8221;&#8221; text_font_size_last_edited=&#8221;on|desktop&#8221; global_colors_info=&#8221;{}&#8221; sticky_enabled=&#8221;0&#8243;]<\/p>\n<p style=\"text-align: justify;\">Studio Plus S.C.<\/p>\n<p style=\"text-align: justify;\">ul. J\u00f3zefa Konrada Korzeniowskiego 8,<br \/>\n15-519 Bia\u0142ystok<br \/>\nPOLSKA<\/p>\n<p>[\/et_pb_text][et_pb_blurb title=&#8221;Office and accounting&#8221; use_icon=&#8221;on&#8221; font_icon=&#8221;&#xf3cd;||fa||900&#8243; icon_placement=&#8221;left&#8221; module_class=&#8221;przesuniecie&#8221; _builder_version=&#8221;4.17.4&#8243; _module_preset=&#8221;default&#8221; global_colors_info=&#8221;{}&#8221;]<a title=\"Biuro i ksi\u0119gowo\u015b\u0107\" href=\"mailto:biuro@studioplus.pl\">biuro@studioplus.pl<\/a> | <a title=\"Biuro i ksi\u0119gowo\u015b\u0107\" href=\"tel:0048857470340\" target=\"_blank\" rel=\"noopener\">+48 85 747 03 40<\/a>[\/et_pb_blurb][et_pb_text disabled_on=&#8221;on|on|on&#8221; _builder_version=&#8221;4.17.0&#8243; _module_preset=&#8221;default&#8221; text_font=&#8221;Roboto||||||||&#8221; text_text_color=&#8221;#7a7a7a&#8221; text_font_size=&#8221;18px&#8221; text_font_size_tablet=&#8221;&#8221; text_font_size_phone=&#8221;&#8221; text_font_size_last_edited=&#8221;on|desktop&#8221; disabled=&#8221;on&#8221; global_colors_info=&#8221;{}&#8221;]<\/p>\n<p style=\"text-align: justify;\"><span data-metadata=\"&lt;!--(figmeta)eyJmaWxlS2V5IjoiUTNjSlBpOHAyRWVMSkJ5bEF3dW9RNCIsInBhc3RlSUQiOjE2Mzc3MTY2NzQsImRhdGFUeXBlIjoic2NlbmUifQo=(\/figmeta)--&gt;\"><\/span>DZIA\u0141 HANDLOWY<\/p>\n<p>[\/et_pb_text][et_pb_blurb title=&#8221;Katarzyna Jurczak&#8221; use_icon=&#8221;on&#8221; font_icon=&#8221;&#xf3cd;||fa||900&#8243; icon_placement=&#8221;left&#8221; disabled_on=&#8221;on|on|on&#8221; _builder_version=&#8221;4.17.0&#8243; _module_preset=&#8221;default&#8221; custom_margin=&#8221;||||false|false&#8221; disabled=&#8221;on&#8221; global_colors_info=&#8221;{}&#8221;]<\/p>\n<p>Kierownik dzia\u0142u handlowego<\/p>\n<p><a href=\"mailto:manager@studioplus.pl\" title=\"Kierownik\">manager@studioplus.pl<\/a> | <a href=\"tel:504079180\" target=\"_blank\" rel=\"noopener\" title=\"Kierownik\">504 079 180<\/a><\/p>\n<p>[\/et_pb_blurb][et_pb_blurb title=&#8221;Natalia Zajkowska&#8221; use_icon=&#8221;on&#8221; font_icon=&#8221;&#xf3cd;||fa||900&#8243; icon_placement=&#8221;left&#8221; disabled_on=&#8221;on|on|on&#8221; _builder_version=&#8221;4.17.0&#8243; _module_preset=&#8221;default&#8221; disabled=&#8221;on&#8221; global_colors_info=&#8221;{}&#8221;]<\/p>\n<p>Doradca klienta<\/p>\n<p><a href=\"mailto:studio01@studioplus.pl\" title=\"Doradca klienta\">studio01@studioplus.pl<\/a> | <a href=\"tel:513022206\" target=\"_blank\" rel=\"noopener\" title=\"Doradca klienta\">513 022 206<\/a><\/p>\n<p>[\/et_pb_blurb][et_pb_blurb title=&#8221;El\u017cbieta Tymi\u0144ska&#8221; use_icon=&#8221;on&#8221; font_icon=&#8221;&#xf3cd;||fa||900&#8243; icon_placement=&#8221;left&#8221; disabled_on=&#8221;on|on|on&#8221; _builder_version=&#8221;4.17.0&#8243; _module_preset=&#8221;default&#8221; disabled=&#8221;on&#8221; global_colors_info=&#8221;{}&#8221;]<\/p>\n<p>Doradca klienta<\/p>\n<p><a href=\"mailto:studio02@studioplus.pl\" title=\"Doradca klienta\">studio02@studioplus.pl<\/a> | <a href=\"tel:500 010 684\" target=\"_blank\" rel=\"noopener\" title=\"Doradca klienta\">500 010 684<\/a><\/p>\n<p>[\/et_pb_blurb][et_pb_blurb title=&#8221;Ma\u0142gorzata G\u0142\u0119bocka&#8221; use_icon=&#8221;on&#8221; font_icon=&#8221;&#xf3cd;||fa||900&#8243; icon_placement=&#8221;left&#8221; disabled_on=&#8221;on|on|on&#8221; admin_label=&#8221;Notka&#8221; _builder_version=&#8221;4.17.0&#8243; _module_preset=&#8221;default&#8221; custom_margin=&#8221;||44px||false|false&#8221; disabled=&#8221;on&#8221; global_colors_info=&#8221;{}&#8221;]<\/p>\n<p>Doradca klienta<\/p>\n<p><a href=\"mailto:studio04@studioplus.pl\" title=\"Doradca klienta\">studio04@studioplus.pl<\/a> | <a href=\"tel:509 995 145\" target=\"_blank\" rel=\"noopener\" title=\"Doradca klienta\">509 995 145<\/a><\/p>\n<p>[\/et_pb_blurb][\/et_pb_column][et_pb_column type=&#8221;3_5&#8243; _builder_version=&#8221;4.17.0&#8243; _module_preset=&#8221;default&#8221; custom_css_main_element=&#8221;margin: auto;&#8221; global_colors_info=&#8221;{}&#8221;][et_pb_contact_form email=&#8221;biuro@studioplus.pl&#8221; success_message=&#8221;Thank you for contacting us! We will reply as soon as possible.&#8221; submit_button_text=&#8221;Send&#8221; _builder_version=&#8221;4.17.4&#8243; _module_preset=&#8221;default&#8221; _unique_id=&#8221;d5691633-1a26-4943-9300-3af2c6fccb95&#8243; form_field_background_color=&#8221;#FFFFFF&#8221; form_field_text_color=&#8221;#c4c4c4&#8243; custom_button=&#8221;on&#8221; button_text_color=&#8221;#FFFFFF&#8221; button_bg_color=&#8221;#e54d1b&#8221; button_border_width=&#8221;0px&#8221; button_border_radius=&#8221;18px&#8221; button_font=&#8221;Roboto||||||||&#8221; button_use_icon=&#8221;off&#8221; button_custom_margin=&#8221;10px||||false|false&#8221; button_custom_padding=&#8221;15px|60px|15px|60px|true|true&#8221; border_radii=&#8221;on|9px|9px|9px|9px&#8221; global_colors_info=&#8221;{}&#8221;][et_pb_contact_field field_id=&#8221;Imie&#8221; field_title=&#8221;Name&#8221; _builder_version=&#8221;4.17.4&#8243; global_colors_info=&#8221;{}&#8221; button_text_size__hover_enabled=&#8221;off&#8221; button_one_text_size__hover_enabled=&#8221;off&#8221; button_two_text_size__hover_enabled=&#8221;off&#8221; button_text_color__hover_enabled=&#8221;off&#8221; button_one_text_color__hover_enabled=&#8221;off&#8221; button_two_text_color__hover_enabled=&#8221;off&#8221; button_border_width__hover_enabled=&#8221;off&#8221; button_one_border_width__hover_enabled=&#8221;off&#8221; button_two_border_width__hover_enabled=&#8221;off&#8221; button_border_color__hover_enabled=&#8221;off&#8221; button_one_border_color__hover_enabled=&#8221;off&#8221; button_two_border_color__hover_enabled=&#8221;off&#8221; button_border_radius__hover_enabled=&#8221;off&#8221; button_one_border_radius__hover_enabled=&#8221;off&#8221; button_two_border_radius__hover_enabled=&#8221;off&#8221; button_letter_spacing__hover_enabled=&#8221;off&#8221; button_one_letter_spacing__hover_enabled=&#8221;off&#8221; button_two_letter_spacing__hover_enabled=&#8221;off&#8221; button_bg_color__hover_enabled=&#8221;off&#8221; button_one_bg_color__hover_enabled=&#8221;off&#8221; button_two_bg_color__hover_enabled=&#8221;off&#8221;][\/et_pb_contact_field][et_pb_contact_field field_id=&#8221;Email&#8221; field_title=&#8221;E-mail&#8221; field_type=&#8221;email&#8221; _builder_version=&#8221;4.16&#8243; global_colors_info=&#8221;{}&#8221; button_text_size__hover_enabled=&#8221;off&#8221; button_one_text_size__hover_enabled=&#8221;off&#8221; button_two_text_size__hover_enabled=&#8221;off&#8221; button_text_color__hover_enabled=&#8221;off&#8221; button_one_text_color__hover_enabled=&#8221;off&#8221; button_two_text_color__hover_enabled=&#8221;off&#8221; button_border_width__hover_enabled=&#8221;off&#8221; button_one_border_width__hover_enabled=&#8221;off&#8221; button_two_border_width__hover_enabled=&#8221;off&#8221; button_border_color__hover_enabled=&#8221;off&#8221; button_one_border_color__hover_enabled=&#8221;off&#8221; button_two_border_color__hover_enabled=&#8221;off&#8221; button_border_radius__hover_enabled=&#8221;off&#8221; button_one_border_radius__hover_enabled=&#8221;off&#8221; button_two_border_radius__hover_enabled=&#8221;off&#8221; button_letter_spacing__hover_enabled=&#8221;off&#8221; button_one_letter_spacing__hover_enabled=&#8221;off&#8221; button_two_letter_spacing__hover_enabled=&#8221;off&#8221; button_bg_color__hover_enabled=&#8221;off&#8221; button_one_bg_color__hover_enabled=&#8221;off&#8221; button_two_bg_color__hover_enabled=&#8221;off&#8221;][\/et_pb_contact_field][et_pb_contact_field field_id=&#8221;Telefon&#8221; field_title=&#8221;Phone&#8221; fullwidth_field=&#8221;on&#8221; _builder_version=&#8221;4.17.4&#8243; _module_preset=&#8221;default&#8221; global_colors_info=&#8221;{}&#8221;][\/et_pb_contact_field][et_pb_contact_field field_id=&#8221;Wiadomosc&#8221; field_title=&#8221;Your message&#8230;&#8221; field_type=&#8221;text&#8221; fullwidth_field=&#8221;on&#8221; _builder_version=&#8221;4.17.4&#8243; global_colors_info=&#8221;{}&#8221; button_text_size__hover_enabled=&#8221;off&#8221; button_one_text_size__hover_enabled=&#8221;off&#8221; button_two_text_size__hover_enabled=&#8221;off&#8221; button_text_color__hover_enabled=&#8221;off&#8221; button_one_text_color__hover_enabled=&#8221;off&#8221; button_two_text_color__hover_enabled=&#8221;off&#8221; button_border_width__hover_enabled=&#8221;off&#8221; button_one_border_width__hover_enabled=&#8221;off&#8221; button_two_border_width__hover_enabled=&#8221;off&#8221; button_border_color__hover_enabled=&#8221;off&#8221; button_one_border_color__hover_enabled=&#8221;off&#8221; button_two_border_color__hover_enabled=&#8221;off&#8221; button_border_radius__hover_enabled=&#8221;off&#8221; button_one_border_radius__hover_enabled=&#8221;off&#8221; button_two_border_radius__hover_enabled=&#8221;off&#8221; button_letter_spacing__hover_enabled=&#8221;off&#8221; button_one_letter_spacing__hover_enabled=&#8221;off&#8221; button_two_letter_spacing__hover_enabled=&#8221;off&#8221; button_bg_color__hover_enabled=&#8221;off&#8221; button_one_bg_color__hover_enabled=&#8221;off&#8221; button_two_bg_color__hover_enabled=&#8221;off&#8221;][\/et_pb_contact_field][\/et_pb_contact_form][et_pb_blurb title=&#8221;El\u017cbieta Tymi\u0144ska&#8221; use_icon=&#8221;on&#8221; font_icon=&#8221;&#xf3cd;||fa||900&#8243; icon_placement=&#8221;left&#8221; disabled_on=&#8221;on|on|on&#8221; module_class=&#8221;przesuniecie2&#8243; _builder_version=&#8221;4.17.0&#8243; _module_preset=&#8221;default&#8221; disabled=&#8221;on&#8221; global_colors_info=&#8221;{}&#8221;]<\/p>\n<p>Doradca klienta<\/p>\n<p><a href=\"mailto:studio02@studioplus.pl\" title=\"Doradca klienta\">studio02@studioplus.pl<\/a> | <a href=\"tel:500 010 684\" target=\"_blank\" rel=\"noopener\" title=\"Doradca klienta\">500 010 684<\/a><\/p>\n<p>[\/et_pb_blurb][et_pb_blurb title=&#8221;Ma\u0142gorzata G\u0142\u0119bocka&#8221; use_icon=&#8221;on&#8221; font_icon=&#8221;&#xf3cd;||fa||900&#8243; icon_placement=&#8221;left&#8221; disabled_on=&#8221;on|on|on&#8221; _builder_version=&#8221;4.17.0&#8243; _module_preset=&#8221;default&#8221; disabled=&#8221;on&#8221; global_colors_info=&#8221;{}&#8221;]<\/p>\n<p>Doradca klienta<\/p>\n<p><a href=\"mailto:studio04@studioplus.pl\" title=\"Doradca klienta\">studio04@studioplus.pl<\/a> | <a href=\"tel:509 995 145\" target=\"_blank\" rel=\"noopener\" title=\"Doradca klienta\">509 995 145<\/a><\/p>\n<p>[\/et_pb_blurb][\/et_pb_column][\/et_pb_row][\/et_pb_section]<\/p>\n","protected":false},"excerpt":{"rendered":"<p><span><span><a href=\"https:\/\/studioplus.pl\/\">Strona G\u0142\u00f3wna<\/a><\/span><\/span>Contact us!Studio Plus S.C. ul. J\u00f3zefa Konrada Korzeniowskiego 8, 15-519 Bia\u0142ystok POLSKAbiuro@studioplus.pl | +48 85 747 03 40DZIA\u0141 HANDLOWYKierownik dzia\u0142u handlowego manager@studioplus.pl | 504 079 180Doradca klienta studio01@studioplus.pl | 513 022 206Doradca klienta studio02@studioplus.pl | 500 010 684Doradca klienta studio04@studioplus.pl | 509 995 145Doradca klienta studio02@studioplus.pl | 500 010 684Doradca klienta studio04@studioplus.pl | 509 995 [&hellip;]<\/p>\n","protected":false},"author":1,"featured_media":0,"parent":0,"menu_order":0,"comment_status":"closed","ping_status":"closed","template":"","meta":{"_et_pb_use_builder":"on","_et_pb_old_content":"","_et_gb_content_width":"","footnotes":""},"class_list":["post-1676","page","type-page","status-publish","hentry"],"yoast_head":"<!-- This site is optimized with the Yoast SEO plugin v22.0 - https:\/\/yoast.com\/wordpress\/plugins\/seo\/ -->\n<title>Contact - Studio Plus<\/title>\n<meta name=\"robots\" content=\"index, follow, max-snippet:-1, max-image-preview:large, max-video-preview:-1\" \/>\n<link rel=\"canonical\" href=\"https:\/\/studioplus.pl\/en\/contact\/\" \/>\n<meta property=\"og:locale\" content=\"en_US\" \/>\n<meta property=\"og:type\" content=\"article\" \/>\n<meta property=\"og:title\" content=\"Contact - Studio Plus\" \/>\n<meta property=\"og:description\" content=\"Contact us!Studio Plus S.C. ul. J\u00f3zefa Konrada Korzeniowskiego 8, 15-519 Bia\u0142ystok POLSKAbiuro@studioplus.pl | +48 85 747 03 40DZIA\u0141 HANDLOWYKierownik dzia\u0142u handlowego manager@studioplus.pl | 504 079 180Doradca klienta studio01@studioplus.pl | 513 022 206Doradca klienta studio02@studioplus.pl | 500 010 684Doradca klienta studio04@studioplus.pl | 509 995 145Doradca klienta studio02@studioplus.pl | 500 010 684Doradca klienta studio04@studioplus.pl | 509 995 [&hellip;]\" \/>\n<meta property=\"og:url\" content=\"https:\/\/studioplus.pl\/en\/contact\/\" \/>\n<meta property=\"og:site_name\" content=\"Studio Plus\" \/>\n<meta property=\"article:modified_time\" content=\"2022-11-03T12:44:26+00:00\" \/>\n<meta name=\"twitter:card\" content=\"summary_large_image\" \/>\n<meta name=\"twitter:label1\" content=\"Est. reading time\" \/>\n\t<meta name=\"twitter:data1\" content=\"7 minutes\" \/>\n<script type=\"application\/ld+json\" class=\"yoast-schema-graph\">{\"@context\":\"https:\/\/schema.org\",\"@graph\":[{\"@type\":\"WebPage\",\"@id\":\"https:\/\/studioplus.pl\/en\/contact\/\",\"url\":\"https:\/\/studioplus.pl\/en\/contact\/\",\"name\":\"Contact - Studio Plus\",\"isPartOf\":{\"@id\":\"https:\/\/studioplus.pl\/#website\"},\"datePublished\":\"2021-10-14T08:30:23+00:00\",\"dateModified\":\"2022-11-03T12:44:26+00:00\",\"breadcrumb\":{\"@id\":\"https:\/\/studioplus.pl\/en\/contact\/#breadcrumb\"},\"inLanguage\":\"en-US\",\"potentialAction\":[{\"@type\":\"ReadAction\",\"target\":[\"https:\/\/studioplus.pl\/en\/contact\/\"]}]},{\"@type\":\"BreadcrumbList\",\"@id\":\"https:\/\/studioplus.pl\/en\/contact\/#breadcrumb\",\"itemListElement\":[{\"@type\":\"ListItem\",\"position\":1,\"name\":\"Strona G\u0142\u00f3wna\",\"item\":\"https:\/\/studioplus.pl\/\"},{\"@type\":\"ListItem\",\"position\":2,\"name\":\"Contact\"}]},{\"@type\":\"WebSite\",\"@id\":\"https:\/\/studioplus.pl\/#website\",\"url\":\"https:\/\/studioplus.pl\/\",\"name\":\"Studio Plus\",\"description\":\"Studio Plus\",\"potentialAction\":[{\"@type\":\"SearchAction\",\"target\":{\"@type\":\"EntryPoint\",\"urlTemplate\":\"https:\/\/studioplus.pl\/?s={search_term_string}\"},\"query-input\":\"required name=search_term_string\"}],\"inLanguage\":\"en-US\"}]}<\/script>\n<!-- \/ Yoast SEO plugin. -->","yoast_head_json":{"title":"Contact - Studio Plus","robots":{"index":"index","follow":"follow","max-snippet":"max-snippet:-1","max-image-preview":"max-image-preview:large","max-video-preview":"max-video-preview:-1"},"canonical":"https:\/\/studioplus.pl\/en\/contact\/","og_locale":"en_US","og_type":"article","og_title":"Contact - Studio Plus","og_description":"Contact us!Studio Plus S.C. ul. J\u00f3zefa Konrada Korzeniowskiego 8, 15-519 Bia\u0142ystok POLSKAbiuro@studioplus.pl | +48 85 747 03 40DZIA\u0141 HANDLOWYKierownik dzia\u0142u handlowego manager@studioplus.pl | 504 079 180Doradca klienta studio01@studioplus.pl | 513 022 206Doradca klienta studio02@studioplus.pl | 500 010 684Doradca klienta studio04@studioplus.pl | 509 995 145Doradca klienta studio02@studioplus.pl | 500 010 684Doradca klienta studio04@studioplus.pl | 509 995 [&hellip;]","og_url":"https:\/\/studioplus.pl\/en\/contact\/","og_site_name":"Studio Plus","article_modified_time":"2022-11-03T12:44:26+00:00","twitter_card":"summary_large_image","twitter_misc":{"Est. reading time":"7 minutes"},"schema":{"@context":"https:\/\/schema.org","@graph":[{"@type":"WebPage","@id":"https:\/\/studioplus.pl\/en\/contact\/","url":"https:\/\/studioplus.pl\/en\/contact\/","name":"Contact - Studio Plus","isPartOf":{"@id":"https:\/\/studioplus.pl\/#website"},"datePublished":"2021-10-14T08:30:23+00:00","dateModified":"2022-11-03T12:44:26+00:00","breadcrumb":{"@id":"https:\/\/studioplus.pl\/en\/contact\/#breadcrumb"},"inLanguage":"en-US","potentialAction":[{"@type":"ReadAction","target":["https:\/\/studioplus.pl\/en\/contact\/"]}]},{"@type":"BreadcrumbList","@id":"https:\/\/studioplus.pl\/en\/contact\/#breadcrumb","itemListElement":[{"@type":"ListItem","position":1,"name":"Strona G\u0142\u00f3wna","item":"https:\/\/studioplus.pl\/"},{"@type":"ListItem","position":2,"name":"Contact"}]},{"@type":"WebSite","@id":"https:\/\/studioplus.pl\/#website","url":"https:\/\/studioplus.pl\/","name":"Studio Plus","description":"Studio Plus","potentialAction":[{"@type":"SearchAction","target":{"@type":"EntryPoint","urlTemplate":"https:\/\/studioplus.pl\/?s={search_term_string}"},"query-input":"required name=search_term_string"}],"inLanguage":"en-US"}]}},"_links":{"self":[{"href":"https:\/\/studioplus.pl\/en\/wp-json\/wp\/v2\/pages\/1676","targetHints":{"allow":["GET"]}}],"collection":[{"href":"https:\/\/studioplus.pl\/en\/wp-json\/wp\/v2\/pages"}],"about":[{"href":"https:\/\/studioplus.pl\/en\/wp-json\/wp\/v2\/types\/page"}],"author":[{"embeddable":true,"href":"https:\/\/studioplus.pl\/en\/wp-json\/wp\/v2\/users\/1"}],"replies":[{"embeddable":true,"href":"https:\/\/studioplus.pl\/en\/wp-json\/wp\/v2\/comments?post=1676"}],"version-history":[{"count":8,"href":"https:\/\/studioplus.pl\/en\/wp-json\/wp\/v2\/pages\/1676\/revisions"}],"predecessor-version":[{"id":2048,"href":"https:\/\/studioplus.pl\/en\/wp-json\/wp\/v2\/pages\/1676\/revisions\/2048"}],"wp:attachment":[{"href":"https:\/\/studioplus.pl\/en\/wp-json\/wp\/v2\/media?parent=1676"}],"curies":[{"name":"wp","href":"https:\/\/api.w.org\/{rel}","templated":true}]}}