{"id":1821,"date":"2021-10-19T09:47:11","date_gmt":"2021-10-19T07:47:11","guid":{"rendered":"https:\/\/studioplus.pl\/produits\/kasetony-reklamowe\/"},"modified":"2022-10-28T14:29:13","modified_gmt":"2022-10-28T12:29:13","slug":"caissons-lumineux","status":"publish","type":"page","link":"https:\/\/studioplus.pl\/fr\/produits\/caissons-lumineux\/","title":{"rendered":"Caissons lumineux"},"content":{"rendered":"<p>[et_pb_section fb_built=\u00a0\u00bb1&Prime; disabled_on=\u00a0\u00bboff|off|off\u00a0\u00bb admin_label=\u00a0\u00bbBreadcrumbs\u00a0\u00bb _builder_version=\u00a0\u00bb4.16&Prime; _module_preset=\u00a0\u00bbdefault\u00a0\u00bb custom_padding=\u00a0\u00bb0px||0px||false|false\u00a0\u00bb collapsed=\u00a0\u00bbon\u00a0\u00bb global_colors_info=\u00a0\u00bb{}\u00a0\u00bb][et_pb_row column_structure=\u00a0\u00bb1_2,1_2&Prime; use_custom_gutter=\u00a0\u00bbon\u00a0\u00bb gutter_width=\u00a0\u00bb1&Prime; make_equal=\u00a0\u00bbon\u00a0\u00bb disabled_on=\u00a0\u00bbon|on|off\u00a0\u00bb _builder_version=\u00a0\u00bb4.16&Prime; _module_preset=\u00a0\u00bbdefault\u00a0\u00bb width=\u00a0\u00bb100%\u00a0\u00bb max_width=\u00a0\u00bb1366px\u00a0\u00bb custom_padding=\u00a0\u00bb||||false|false\u00a0\u00bb global_colors_info=\u00a0\u00bb{}\u00a0\u00bb][et_pb_column type=\u00a0\u00bb1_2&Prime; _builder_version=\u00a0\u00bb4.16&Prime; _module_preset=\u00a0\u00bbdefault\u00a0\u00bb custom_css_main_element=\u00a0\u00bbwidth: 50%!important;||margin: auto;\u00a0\u00bb global_colors_info=\u00a0\u00bb{}\u00a0\u00bb][et_pb_code module_class=\u00a0\u00bbbreadcrums_style\u00a0\u00bb _builder_version=\u00a0\u00bb4.16&Prime; _module_preset=\u00a0\u00bbdefault\u00a0\u00bb global_colors_info=\u00a0\u00bb{}\u00a0\u00bb]<span><span><a href=\"https:\/\/studioplus.pl\/fr\/\">Strona G\u0142\u00f3wna<\/a><\/span><\/span>[\/et_pb_code][\/et_pb_column][et_pb_column type=\u00a0\u00bb1_2&Prime; _builder_version=\u00a0\u00bb4.16&Prime; _module_preset=\u00a0\u00bbdefault\u00a0\u00bb custom_css_main_element=\u00a0\u00bbwidth: 50%!important;||margin: auto;\u00a0\u00bb global_colors_info=\u00a0\u00bb{}\u00a0\u00bb][\/et_pb_column][\/et_pb_row][et_pb_row use_custom_gutter=\u00a0\u00bbon\u00a0\u00bb gutter_width=\u00a0\u00bb1&Prime; make_equal=\u00a0\u00bbon\u00a0\u00bb disabled_on=\u00a0\u00bboff|off|on\u00a0\u00bb admin_label=\u00a0\u00bbWiersz\u00a0\u00bb _builder_version=\u00a0\u00bb4.16&Prime; _module_preset=\u00a0\u00bbdefault\u00a0\u00bb width=\u00a0\u00bb100%\u00a0\u00bb max_width=\u00a0\u00bb1366px\u00a0\u00bb custom_padding=\u00a0\u00bb|||10px|false|false\u00a0\u00bb global_colors_info=\u00a0\u00bb{}\u00a0\u00bb][et_pb_column type=\u00a0\u00bb4_4&Prime; _builder_version=\u00a0\u00bb4.16&Prime; _module_preset=\u00a0\u00bbdefault\u00a0\u00bb custom_css_main_element=\u00a0\u00bbmargin: auto;||\u00a0\u00bb global_colors_info=\u00a0\u00bb{}\u00a0\u00bb][et_pb_code module_class=\u00a0\u00bbbreadcrums_style\u00a0\u00bb _builder_version=\u00a0\u00bb4.17.0&Prime; _module_preset=\u00a0\u00bbdefault\u00a0\u00bb global_colors_info=\u00a0\u00bb{}\u00a0\u00bb]<span><span><a href=\"https:\/\/studioplus.pl\/fr\/\">Strona G\u0142\u00f3wna<\/a><\/span><\/span>[\/et_pb_code][\/et_pb_column][\/et_pb_row][\/et_pb_section][et_pb_section fb_built=\u00a0\u00bb1&Prime; admin_label=\u00a0\u00bbOpis\u00a0\u00bb _builder_version=\u00a0\u00bb4.17.0&Prime; _module_preset=\u00a0\u00bbdefault\u00a0\u00bb custom_padding=\u00a0\u00bb0px||0px||false|false\u00a0\u00bb collapsed=\u00a0\u00bboff\u00a0\u00bb global_colors_info=\u00a0\u00bb{}\u00a0\u00bb][et_pb_row column_structure=\u00a0\u00bb2_5,3_5&Prime; use_custom_gutter=\u00a0\u00bbon\u00a0\u00bb gutter_width=\u00a0\u00bb1&Prime; make_equal=\u00a0\u00bbon\u00a0\u00bb _builder_version=\u00a0\u00bb4.16&Prime; _module_preset=\u00a0\u00bbdefault\u00a0\u00bb width=\u00a0\u00bb100%\u00a0\u00bb max_width=\u00a0\u00bb1366px\u00a0\u00bb global_colors_info=\u00a0\u00bb{}\u00a0\u00bb][et_pb_column type=\u00a0\u00bb2_5&Prime; _builder_version=\u00a0\u00bb4.16&Prime; _module_preset=\u00a0\u00bbdefault\u00a0\u00bb global_colors_info=\u00a0\u00bb{}\u00a0\u00bb][et_pb_image src=\u00a0\u00bbhttps:\/\/studioplus.pl\/wp-content\/uploads\/2022\/08\/Jurek.jpg\u00a0\u00bb alt=\u00a0\u00bbZdj\u0119cie przedstawia du\u017ce przestrzenne litery. S\u0105 w kolorze zielonym.\u00a0\u00bb title_text=\u00a0\u00bbJurek\u00a0\u00bb _builder_version=\u00a0\u00bb4.17.4&Prime; _module_preset=\u00a0\u00bbdefault\u00a0\u00bb global_colors_info=\u00a0\u00bb{}\u00a0\u00bb][\/et_pb_image][\/et_pb_column][et_pb_column type=\u00a0\u00bb3_5&Prime; _builder_version=\u00a0\u00bb4.16&Prime; _module_preset=\u00a0\u00bbdefault\u00a0\u00bb global_colors_info=\u00a0\u00bb{}\u00a0\u00bb][et_pb_text module_class=\u00a0\u00bbgemunu\u00a0\u00bb _builder_version=\u00a0\u00bb4.17.0&Prime; _dynamic_attributes=\u00a0\u00bbcontent\u00a0\u00bb _module_preset=\u00a0\u00bbdefault\u00a0\u00bb header_2_font=\u00a0\u00bb|700|||||||\u00a0\u00bb header_2_text_color=\u00a0\u00bb#FFFFFF\u00a0\u00bb header_2_font_size=\u00a0\u00bb98px\u00a0\u00bb custom_margin=\u00a0\u00bb16px|||-47px|false|false\u00a0\u00bb custom_margin_tablet=\u00a0\u00bb16px|||10px|false|false\u00a0\u00bb custom_margin_phone=\u00a0\u00bb|||10px|false|false\u00a0\u00bb custom_margin_last_edited=\u00a0\u00bbon|phone\u00a0\u00bb header_2_font_size_tablet=\u00a0\u00bb\u00a0\u00bb header_2_font_size_phone=\u00a0\u00bb52px\u00a0\u00bb header_2_font_size_last_edited=\u00a0\u00bbon|desktop\u00a0\u00bb custom_css_main_element=\u00a0\u00bb text-shadow:||    -1px -1px 0 #042e58,||     0   -1px 0 #042e58,||     1px -1px 0 #042e58,||     1px  0   0 #042e58,||     1px  1px 0 #042e58,||     0    1px 0 #042e58,||    -1px  1px 0 #042e58,||    -1px  0   0 #042e58;\u00a0\u00bb global_colors_info=\u00a0\u00bb{}\u00a0\u00bb header_2_font_size__hover_enabled=\u00a0\u00bboff|desktop\u00a0\u00bb]@ET-DC@eyJkeW5hbWljIjp0cnVlLCJjb250ZW50IjoicG9zdF90aXRsZSIsInNldHRpbmdzIjp7ImJlZm9yZSI6IjxoMj4iLCJhZnRlciI6IjwvaDI+In19@[\/et_pb_text][\/et_pb_column][\/et_pb_row][\/et_pb_section][et_pb_section fb_built=\u00a0\u00bb1&Prime; admin_label=\u00a0\u00bbOpis\u00a0\u00bb _builder_version=\u00a0\u00bb4.17.0&Prime; _module_preset=\u00a0\u00bbdefault\u00a0\u00bb collapsed=\u00a0\u00bboff\u00a0\u00bb global_colors_info=\u00a0\u00bb{}\u00a0\u00bb][et_pb_row _builder_version=\u00a0\u00bb4.17.0&Prime; _module_preset=\u00a0\u00bbdefault\u00a0\u00bb positioning=\u00a0\u00bbnone\u00a0\u00bb width=\u00a0\u00bb100%\u00a0\u00bb max_width=\u00a0\u00bb1366px\u00a0\u00bb custom_margin=\u00a0\u00bb||||false|false\u00a0\u00bb global_colors_info=\u00a0\u00bb{}\u00a0\u00bb][et_pb_column type=\u00a0\u00bb4_4&Prime; _builder_version=\u00a0\u00bb4.17.0&Prime; _module_preset=\u00a0\u00bbdefault\u00a0\u00bb z_index=\u00a0\u00bb5&Prime; global_colors_info=\u00a0\u00bb{}\u00a0\u00bb][et_pb_text _builder_version=\u00a0\u00bb4.17.4&Prime; _module_preset=\u00a0\u00bbdefault\u00a0\u00bb text_font=\u00a0\u00bbRoboto||||||||\u00a0\u00bb text_font_size=\u00a0\u00bb18px\u00a0\u00bb header_2_text_color=\u00a0\u00bb#666666&Prime; position_origin_a=\u00a0\u00bbcenter_left\u00a0\u00bb position_origin_r=\u00a0\u00bbtop_right\u00a0\u00bb position_origin_a_last_edited=\u00a0\u00bboff|desktop\u00a0\u00bb position_origin_f_last_edited=\u00a0\u00bboff|desktop\u00a0\u00bb position_origin_r_last_edited=\u00a0\u00bboff|desktop\u00a0\u00bb width=\u00a0\u00bb100%\u00a0\u00bb custom_margin=\u00a0\u00bb||||false|false\u00a0\u00bb custom_margin_tablet=\u00a0\u00bb||||false|false\u00a0\u00bb custom_margin_last_edited=\u00a0\u00bboff|desktop\u00a0\u00bb custom_padding=\u00a0\u00bb|20px||20px|false|true\u00a0\u00bb text_font_size_tablet=\u00a0\u00bb\u00a0\u00bb text_font_size_phone=\u00a0\u00bb16px\u00a0\u00bb text_font_size_last_edited=\u00a0\u00bbon|phone\u00a0\u00bb positioning_tablet=\u00a0\u00bbnone\u00a0\u00bb positioning_last_edited=\u00a0\u00bboff|desktop\u00a0\u00bb global_colors_info=\u00a0\u00bb{}\u00a0\u00bb]<\/p>\n<p><strong>Les caissons lumineux<\/strong> sont la forme de publicit\u00e9 la plus simple et pourtant tr\u00e8s efficace. Les caissons lumineux les plus populaires ont la forme d&rsquo;un rectangle, mais, selon la technologie choisie, ils peuvent prendre n&rsquo;importe quelle forme.<\/p>\n<p><span style=\"color: #042e58;\">En tenant compte du type d\u2019\u00e9clairage, nous distinguons les caissons:<\/span><\/p>\n<ul>\n<li><span style=\"color: #e54d1c;\">luminescent avec des \u00e9l\u00e9ments graphiques frais\u00e9s avec une doublure en plexiglas:<\/span><\/li>\n<\/ul>\n<p>&#8211; caissons lumineux dibond &#8211; disponibles en couleurs standard<\/p>\n<p>&#8211; caissons lumineux en aluminium soud\u00e9 &#8211; rev\u00eatement par poudre dans une couleur RAL s\u00e9lectionn\u00e9e<\/p>\n<ul>\n<li><span style=\"color: #e54d1c;\">luminescent sur toute la face :<\/span><\/li>\n<\/ul>\n<p>&#8211; caissons lumineux sur un profil\u00e9 en aluminium avec face en plexiglas &#8211; disponibles en longueur standard jusqu&rsquo;\u00e0 300 cm<\/p>\n<p>&#8211; caissons lumineux sur un profil\u00e9 d&rsquo;aluminium avec face \u00e9tirable en vinyle &#8211; aucune limite de la longueur du caisson lumineux<\/p>\n<p>[\/et_pb_text][\/et_pb_column][\/et_pb_row][et_pb_row custom_padding_last_edited=\u00a0\u00bbon|desktop\u00a0\u00bb _builder_version=\u00a0\u00bb4.17.0&Prime; _module_preset=\u00a0\u00bbdefault\u00a0\u00bb width=\u00a0\u00bb100%\u00a0\u00bb max_width=\u00a0\u00bb1366px\u00a0\u00bb custom_margin=\u00a0\u00bb||||false|false\u00a0\u00bb custom_padding_tablet=\u00a0\u00bb\u00a0\u00bb custom_padding_phone=\u00a0\u00bb|20px||20px|false|true\u00a0\u00bb global_colors_info=\u00a0\u00bb{}\u00a0\u00bb][et_pb_column type=\u00a0\u00bb4_4&Prime; _builder_version=\u00a0\u00bb4.17.0&Prime; _module_preset=\u00a0\u00bbdefault\u00a0\u00bb global_colors_info=\u00a0\u00bb{}\u00a0\u00bb][dnxte_masonary gallery_ids=\u00a0\u00bb1168,976,1163,1170,1154,1171,974,1153,1164,977,1155,1173,975,1167,978&Prime; dnxte_columns=\u00a0\u00bb5&Prime; overlay_icon_color=\u00a0\u00bb#e54d1b\u00a0\u00bb hover_icon=\u00a0\u00bb&#x55;||divi||400&Prime; dnxtemasonary_title_margin=\u00a0\u00bb|0|0|0|false|false\u00a0\u00bb _builder_version=\u00a0\u00bb4.17.4&Prime; _module_preset=\u00a0\u00bbdefault\u00a0\u00bb global_colors_info=\u00a0\u00bb{}\u00a0\u00bb][\/dnxte_masonary][\/et_pb_column][\/et_pb_row][\/et_pb_section]<\/p>\n","protected":false},"excerpt":{"rendered":"<p><span><span><a href=\"https:\/\/studioplus.pl\/fr\/\">Strona G\u0142\u00f3wna<\/a><\/span><\/span><span><span><a href=\"https:\/\/studioplus.pl\/fr\/\">Strona G\u0142\u00f3wna<\/a><\/span><\/span>Les caissons lumineux sont la forme de publicit\u00e9 la plus simple et pourtant tr\u00e8s efficace. Les caissons lumineux les plus populaires ont la forme d&rsquo;un rectangle, mais, selon la technologie choisie, ils peuvent prendre n&rsquo;importe quelle forme. En tenant compte du type d\u2019\u00e9clairage, nous distinguons les caissons: luminescent avec des \u00e9l\u00e9ments graphiques frais\u00e9s avec une [&hellip;]<\/p>\n","protected":false},"author":1,"featured_media":0,"parent":1804,"menu_order":0,"comment_status":"closed","ping_status":"closed","template":"","meta":{"_et_pb_use_builder":"on","_et_pb_old_content":"","_et_gb_content_width":"","footnotes":""},"class_list":["post-1821","page","type-page","status-publish","hentry"],"yoast_head":"<!-- This site is optimized with the Yoast SEO plugin v22.0 - https:\/\/yoast.com\/wordpress\/plugins\/seo\/ -->\n<title>Caissons lumineux - Studio Plus<\/title>\n<meta name=\"robots\" content=\"index, follow, max-snippet:-1, max-image-preview:large, max-video-preview:-1\" \/>\n<link rel=\"canonical\" href=\"https:\/\/studioplus.pl\/fr\/produits\/caissons-lumineux\/\" \/>\n<meta property=\"og:locale\" content=\"fr_FR\" \/>\n<meta property=\"og:type\" content=\"article\" \/>\n<meta property=\"og:title\" content=\"Caissons lumineux - Studio Plus\" \/>\n<meta property=\"og:description\" content=\"Les caissons lumineux sont la forme de publicit\u00e9 la plus simple et pourtant tr\u00e8s efficace. Les caissons lumineux les plus populaires ont la forme d&#039;un rectangle, mais, selon la technologie choisie, ils peuvent prendre n&#039;importe quelle forme. En tenant compte du type d\u2019\u00e9clairage, nous distinguons les caissons: luminescent avec des \u00e9l\u00e9ments graphiques frais\u00e9s avec une [&hellip;]\" \/>\n<meta property=\"og:url\" content=\"https:\/\/studioplus.pl\/fr\/produits\/caissons-lumineux\/\" \/>\n<meta property=\"og:site_name\" content=\"Studio Plus\" \/>\n<meta property=\"article:modified_time\" content=\"2022-10-28T12:29:13+00:00\" \/>\n<meta name=\"twitter:card\" content=\"summary_large_image\" \/>\n<meta name=\"twitter:label1\" content=\"Dur\u00e9e de lecture estim\u00e9e\" \/>\n\t<meta name=\"twitter:data1\" content=\"7 minutes\" \/>\n<script type=\"application\/ld+json\" class=\"yoast-schema-graph\">{\"@context\":\"https:\/\/schema.org\",\"@graph\":[{\"@type\":\"WebPage\",\"@id\":\"https:\/\/studioplus.pl\/fr\/produits\/caissons-lumineux\/\",\"url\":\"https:\/\/studioplus.pl\/fr\/produits\/caissons-lumineux\/\",\"name\":\"Caissons lumineux - Studio Plus\",\"isPartOf\":{\"@id\":\"https:\/\/studioplus.pl\/#website\"},\"datePublished\":\"2021-10-19T07:47:11+00:00\",\"dateModified\":\"2022-10-28T12:29:13+00:00\",\"breadcrumb\":{\"@id\":\"https:\/\/studioplus.pl\/fr\/produits\/caissons-lumineux\/#breadcrumb\"},\"inLanguage\":\"fr-FR\",\"potentialAction\":[{\"@type\":\"ReadAction\",\"target\":[\"https:\/\/studioplus.pl\/fr\/produits\/caissons-lumineux\/\"]}]},{\"@type\":\"BreadcrumbList\",\"@id\":\"https:\/\/studioplus.pl\/fr\/produits\/caissons-lumineux\/#breadcrumb\",\"itemListElement\":[{\"@type\":\"ListItem\",\"position\":1,\"name\":\"Strona G\u0142\u00f3wna\",\"item\":\"https:\/\/studioplus.pl\/fr\/\"},{\"@type\":\"ListItem\",\"position\":2,\"name\":\"Produits\",\"item\":\"https:\/\/studioplus.pl\/fr\/produits\/\"},{\"@type\":\"ListItem\",\"position\":3,\"name\":\"Caissons lumineux\"}]},{\"@type\":\"WebSite\",\"@id\":\"https:\/\/studioplus.pl\/#website\",\"url\":\"https:\/\/studioplus.pl\/\",\"name\":\"Studio Plus\",\"description\":\"Studio Plus\",\"potentialAction\":[{\"@type\":\"SearchAction\",\"target\":{\"@type\":\"EntryPoint\",\"urlTemplate\":\"https:\/\/studioplus.pl\/?s={search_term_string}\"},\"query-input\":\"required name=search_term_string\"}],\"inLanguage\":\"fr-FR\"}]}<\/script>\n<!-- \/ Yoast SEO plugin. -->","yoast_head_json":{"title":"Caissons lumineux - Studio Plus","robots":{"index":"index","follow":"follow","max-snippet":"max-snippet:-1","max-image-preview":"max-image-preview:large","max-video-preview":"max-video-preview:-1"},"canonical":"https:\/\/studioplus.pl\/fr\/produits\/caissons-lumineux\/","og_locale":"fr_FR","og_type":"article","og_title":"Caissons lumineux - Studio Plus","og_description":"Les caissons lumineux sont la forme de publicit\u00e9 la plus simple et pourtant tr\u00e8s efficace. Les caissons lumineux les plus populaires ont la forme d'un rectangle, mais, selon la technologie choisie, ils peuvent prendre n'importe quelle forme. En tenant compte du type d\u2019\u00e9clairage, nous distinguons les caissons: luminescent avec des \u00e9l\u00e9ments graphiques frais\u00e9s avec une [&hellip;]","og_url":"https:\/\/studioplus.pl\/fr\/produits\/caissons-lumineux\/","og_site_name":"Studio Plus","article_modified_time":"2022-10-28T12:29:13+00:00","twitter_card":"summary_large_image","twitter_misc":{"Dur\u00e9e de lecture estim\u00e9e":"7 minutes"},"schema":{"@context":"https:\/\/schema.org","@graph":[{"@type":"WebPage","@id":"https:\/\/studioplus.pl\/fr\/produits\/caissons-lumineux\/","url":"https:\/\/studioplus.pl\/fr\/produits\/caissons-lumineux\/","name":"Caissons lumineux - Studio Plus","isPartOf":{"@id":"https:\/\/studioplus.pl\/#website"},"datePublished":"2021-10-19T07:47:11+00:00","dateModified":"2022-10-28T12:29:13+00:00","breadcrumb":{"@id":"https:\/\/studioplus.pl\/fr\/produits\/caissons-lumineux\/#breadcrumb"},"inLanguage":"fr-FR","potentialAction":[{"@type":"ReadAction","target":["https:\/\/studioplus.pl\/fr\/produits\/caissons-lumineux\/"]}]},{"@type":"BreadcrumbList","@id":"https:\/\/studioplus.pl\/fr\/produits\/caissons-lumineux\/#breadcrumb","itemListElement":[{"@type":"ListItem","position":1,"name":"Strona G\u0142\u00f3wna","item":"https:\/\/studioplus.pl\/fr\/"},{"@type":"ListItem","position":2,"name":"Produits","item":"https:\/\/studioplus.pl\/fr\/produits\/"},{"@type":"ListItem","position":3,"name":"Caissons lumineux"}]},{"@type":"WebSite","@id":"https:\/\/studioplus.pl\/#website","url":"https:\/\/studioplus.pl\/","name":"Studio Plus","description":"Studio Plus","potentialAction":[{"@type":"SearchAction","target":{"@type":"EntryPoint","urlTemplate":"https:\/\/studioplus.pl\/?s={search_term_string}"},"query-input":"required name=search_term_string"}],"inLanguage":"fr-FR"}]}},"_links":{"self":[{"href":"https:\/\/studioplus.pl\/fr\/wp-json\/wp\/v2\/pages\/1821","targetHints":{"allow":["GET"]}}],"collection":[{"href":"https:\/\/studioplus.pl\/fr\/wp-json\/wp\/v2\/pages"}],"about":[{"href":"https:\/\/studioplus.pl\/fr\/wp-json\/wp\/v2\/types\/page"}],"author":[{"embeddable":true,"href":"https:\/\/studioplus.pl\/fr\/wp-json\/wp\/v2\/users\/1"}],"replies":[{"embeddable":true,"href":"https:\/\/studioplus.pl\/fr\/wp-json\/wp\/v2\/comments?post=1821"}],"version-history":[{"count":3,"href":"https:\/\/studioplus.pl\/fr\/wp-json\/wp\/v2\/pages\/1821\/revisions"}],"predecessor-version":[{"id":1826,"href":"https:\/\/studioplus.pl\/fr\/wp-json\/wp\/v2\/pages\/1821\/revisions\/1826"}],"up":[{"embeddable":true,"href":"https:\/\/studioplus.pl\/fr\/wp-json\/wp\/v2\/pages\/1804"}],"wp:attachment":[{"href":"https:\/\/studioplus.pl\/fr\/wp-json\/wp\/v2\/media?parent=1821"}],"curies":[{"name":"wp","href":"https:\/\/api.w.org\/{rel}","templated":true}]}}