{"id":2143,"date":"2024-01-15T09:48:05","date_gmt":"2024-01-15T07:48:05","guid":{"rendered":"https:\/\/studioplus.pl\/?page_id=2143"},"modified":"2024-01-17T10:44:55","modified_gmt":"2024-01-17T08:44:55","slug":"reglement","status":"publish","type":"page","link":"https:\/\/studioplus.pl\/fr\/reglement\/","title":{"rendered":"R\u00e8glement"},"content":{"rendered":"<p>[et_pb_section fb_built=\u00a0\u00bb1&Prime; _builder_version=\u00a0\u00bb4.16&Prime; global_colors_info=\u00a0\u00bb{}\u00a0\u00bb][et_pb_row _builder_version=\u00a0\u00bb4.16&Prime; background_size=\u00a0\u00bbinitial\u00a0\u00bb background_position=\u00a0\u00bbtop_left\u00a0\u00bb background_repeat=\u00a0\u00bbrepeat\u00a0\u00bb global_colors_info=\u00a0\u00bb{}\u00a0\u00bb][et_pb_column type=\u00a0\u00bb4_4&Prime; _builder_version=\u00a0\u00bb4.16&Prime; custom_padding=\u00a0\u00bb|||\u00a0\u00bb global_colors_info=\u00a0\u00bb{}\u00a0\u00bb custom_padding__hover=\u00a0\u00bb|||\u00a0\u00bb][et_pb_text _builder_version=\u00a0\u00bb4.21.0&Prime; background_size=\u00a0\u00bbinitial\u00a0\u00bb background_position=\u00a0\u00bbtop_left\u00a0\u00bb background_repeat=\u00a0\u00bbrepeat\u00a0\u00bb global_colors_info=\u00a0\u00bb{}\u00a0\u00bb custom_padding=\u00a0\u00bb|0px||||\u00a0\u00bb]<\/p>\n<h1>R\u00e8glement d&rsquo;ex\u00e9cution des ordres<\/h1>\n<p>&nbsp;<\/p>\n<h2>1. GLOSSAIRE<\/h2>\n<p>Contractant &#8211; STUDIO PLUS S.C.<br \/>Client &#8211; une personne physique, ainsi que les personnes physiques qui dirigent une entreprise individuelle, les entrepreneurs<br \/>Commande &#8211; une commande individuelle pass\u00e9e par le Client<\/p>\n<h2>2. DISPOSITIONS G\u00c9N\u00c9RALES<\/h2>\n<p>1. Le pr\u00e9sent r\u00e8glement pr\u00e9cise les r\u00e8gles d&rsquo;acceptation et d&rsquo;ex\u00e9cution des commandes, d&rsquo;enl\u00e8vement ou d&rsquo;exp\u00e9dition des marchandises, de paiement, de r\u00e9clamation, concernant toutes les Commandes ex\u00e9cut\u00e9es par Studio Plus s.c.<br \/>2. Chaque Client a la possibilit\u00e9 de prendre connaissance du pr\u00e9sent r\u00e8glement en visitant le site Internet www.studioplus.pl<br \/>3. La vente est bas\u00e9e sur la r\u00e9glementation en vigueur \u00e0 un moment donn\u00e9<br \/>4. Dans les mati\u00e8res non r\u00e9glement\u00e9es par le pr\u00e9sent r\u00e8glement, les dispositions du Code civil polonais et les autres dispositions du droit polonais applicable s&rsquo;appliquent<\/p>\n<h2>3. CONDITIONS D&rsquo;UTILISATION DES SERVICES DE STUDIO PLUS S.C.<\/h2>\n<p>1. En passant commande, le Client accepte le pr\u00e9sent r\u00e8glement<br \/>2. Les commandes sont accept\u00e9es par le Contractant sous forme \u00e9lectronique par e-mail<br \/>3. Les commandes sont accept\u00e9es pour ex\u00e9cution lorsque le Client accepte le projet et le devis et paie la facture pro forma du montant convenu<\/p>\n<h2>4. MISE EN \u0152UVRE DU DEVIS<\/h2>\n<p>1. Les prix sont fix\u00e9s individuellement en fonction du projet<br \/>2. Les prix dans le devis sont des montants nets + TVA 23%. Les clients op\u00e9rant dans les pays de l&rsquo;UE sont exon\u00e9r\u00e9s du paiement de la TVA et r\u00e8glent sur une base nette, \u00e0 condition qu&rsquo;ils en aient le droit. Le jour de l&rsquo;\u00e9mission de la facture et de l&rsquo;exp\u00e9dition de la marchandise, le num\u00e9ro de TVA\/Vies du Client doit \u00eatre actif, ce qui est v\u00e9rifi\u00e9 sur le site https:\/\/ec.europa.eu\/<br \/>3. Le devis est valable 20 jours \u00e0 compter de la date de son envoi par l\u2019employ\u00e9 du Contractant, sauf indication contraire dans le contenu du devis. Apr\u00e8s cette date, le devis pr\u00e9sent\u00e9 peut changer. Un recalcul doit \u00eatre effectu\u00e9 avant la mise en \u0153uvre<br \/>4. Chaque modification des param\u00e8tres techniques de la Commande entra\u00eene un recalcul du devis<\/p>\n<h2>5. EX\u00c9CUTION DES PAIEMENTS<\/h2>\n<p>1. L&rsquo;acceptation de la Commande n\u00e9cessite le paiement de 50% de la valeur par le client. Le reste du paiement doit \u00eatre effectu\u00e9 avant le ramassage ou l&rsquo;exp\u00e9dition.<br \/>2. Frais de transport &#8211; il s&rsquo;agit d&rsquo;un service suppl\u00e9mentaire, alors il est un \u00e9l\u00e9ment suppl\u00e9mentaire dans la Commande. Il faut confirmer le co\u00fbt du transport, d\u00e9termin\u00e9 individuellement, au moment de l&rsquo;acceptation de la commande<br \/>3. Le Client accepte l&rsquo;\u00e9mission de factures sous forme \u00e9lectronique par le Contractant<\/p>\n<h2>6. D\u00c9LAI DE R\u00c9ALISATION<\/h2>\n<p>1. La date d&rsquo;ach\u00e8vement est fix\u00e9e individuellement pour chaque projet<br \/>2. La date d&rsquo;ach\u00e8vement convenue est calcul\u00e9e \u00e0 partir de la date \u00e0 laquelle le paiement anticip\u00e9 est cr\u00e9dit\u00e9 sur le compte du Contractant et les fichiers de production sont accept\u00e9s par le Client<br \/>3. Toutes modifications des param\u00e8tres techniques apr\u00e8s acceptation (si cela est encore possible) entra\u00eene une prolongation de la date d&rsquo;ach\u00e8vement convenue et un recalcul du prix<\/p>\n<h2>7. DROIT DE R\u00c9TRACTATION DU CONTRAT<\/h2>\n<p>1. Le Client n&rsquo;a pas le droit de se r\u00e9tracter car la Commande est cr\u00e9\u00e9e selon les sp\u00e9cifications du Client et pour ses besoins individuels<\/p>\n<h2>8. CONDITIONS G\u00c9N\u00c9RALES DE R\u00c9CLAMATION<\/h2>\n<p>1. En cas d&rsquo;irr\u00e9gularit\u00e9, le Client informe le Contractant imm\u00e9diatement apr\u00e8s avoir constat\u00e9 le d\u00e9faut en envoyant un message \u00e9lectronique avec une description d\u00e9taill\u00e9e et des photos tant du dommage que de l&rsquo;image g\u00e9n\u00e9rale du produit.<br \/>2. Les r\u00e9clamations des Clients sont examin\u00e9es imm\u00e9diatement, au plus tard 14 jours \u00e0 compter de la date de r\u00e9ception de la notification<br \/>3. Les entrepreneurs ne peuvent pas b\u00e9n\u00e9ficier de la garantie<br \/>4. Le client est tenu de fournir le produit contest\u00e9 ou d&rsquo;envoyer des photos par e-mail afin d\u2019expliquer le probl\u00e8me<br \/>5. Chaque r\u00e9clamation est examin\u00e9 individuellement<br \/>6. Lors de la r\u00e9ception de l&rsquo;envoi, en pr\u00e9sence du courrier, le Client est tenu de v\u00e9rifier le produit en termes de quantit\u00e9 et de qualit\u00e9. Si des manquants ou des dommages sont constat\u00e9s, l\u2019entr\u00e9e doit \u00eatre faite sur le document de livraison et un rapport de dommage doit \u00eatre pr\u00e9par\u00e9. L&rsquo;absence d&rsquo;une telle entr\u00e9e ne nous permettra pas de soumettre efficacement des r\u00e9clamations au transporteur. La plainte ne sera donc pas accept\u00e9e<br \/>7. Afin de d\u00e9poser une r\u00e9clamation pour dommages dus au transport, il est n\u00e9cessaire de conserver l&#8217;emballage de transport et la palette. Si vous recevez un envoi endommag\u00e9, veuillez nous en informer imm\u00e9diatement et nous envoyer un scan du rapport \u00e9crit, des photos de l&#8217;emballage et de tout dommage \u00e9ventuel. Le client dispose de 3 jours pour envoyer la documentation au Contractant<br \/>8. L&rsquo;acceptation des fichiers vaut approbation de l&rsquo;ensemble de la Commande, tant graphique que technologique. La responsabilit\u00e9 de l&rsquo;acceptation d&rsquo;un fichier incorrect incombe au Client<br \/>9. Le Contractant ne prend pas en compte les r\u00e9clamations li\u00e9es \u00e0 des erreurs substantielles apr\u00e8s que le Client a accept\u00e9 les dossiers de production<\/p>\n<h2>9. PROTECTION DES DONN\u00c9ES PERSONNELLES<\/h2>\n<p>1. La Politique en mati\u00e8re de Protection des Donn\u00e9es Personnelles a pour objectif d&rsquo;introduire et de maintenir une protection ad\u00e9quate des donn\u00e9es personnelles requise par les dispositions du R\u00e8glement 2016\/679 du Parlement europ\u00e9en et du Conseil du 27 avril 2016 et de la Loi sur la protection des donn\u00e9es personnelles (Journal des Lois de 2018, position 1000) en relation avec le traitement des donn\u00e9es personnelles dans Studio Plus s.c.<br \/>2. L&rsquo;administrateur de vos donn\u00e9es personnelles est Studio Plus s.c., bas\u00e9 \u00e0 Bia\u0142ystok 15-519, ul. Korzeniowskiego 8, NIP 542-22-04-101, REGON 0505389183. Vous pouvez contacter l&rsquo;Administrateur par \u00e9crit, par courrier traditionnel \u00e0 l&rsquo;adresse suivante : Korzeniowskiego 8 15-519 Bia\u0142ystok ou par e-mail biuro@studioplus.pl<br \/>4. L&rsquo;inspecteur de la protection des donn\u00e9es de Studio Plus s.c. n&rsquo;a pas \u00e9t\u00e9 d\u00e9sign\u00e9<br \/>5. Les donn\u00e9es personnelles sont trait\u00e9es conform\u00e9ment \u00e0 l&rsquo;art. 6 paragraphe 1 lettre F RGPD, c&rsquo;est-\u00e0-dire sur la fond\u00e9 sur la n\u00e9cessit\u00e9 du traitement aux fins des int\u00e9r\u00eats l\u00e9gitimes poursuivis par l&rsquo;Administrateur<br \/>6. Les int\u00e9r\u00eats l\u00e9gitimes poursuivis par la Soci\u00e9t\u00e9 consistent \u00e0 proposer des produits et services aux clients dans le cadre de ses activit\u00e9s commerciales.<br \/>7. Les donn\u00e9es personnelles sont trait\u00e9es manuellement et automatiquement<br \/>8. L&rsquo;administrateur traite les donn\u00e9es personnelles dans la mesure o\u00f9 elles sont mises \u00e0 disposition par des sources publiques, \u00e0 savoir, entre autres : du Registre des entrepreneurs du Registre judiciaire national (KRS), de la Centrale d&rsquo;enregistrement et d&rsquo;information sur l&rsquo;activit\u00e9 \u00e9conomique (CeiDG) ; Internet, bourses<br \/>9. Les donn\u00e9es ne seront pas mises \u00e0 la disposition d&rsquo;entit\u00e9s autres que celles autoris\u00e9es par la loi<br \/>10. Les donn\u00e9es ne seront pas transf\u00e9r\u00e9es \u00e0 un pays tiers\/organisation internationale<br \/>11. L&rsquo;Administrateur s&rsquo;efforce de fournir aux donn\u00e9es personnelles stock\u00e9es des moyens de protection physiques, techniques et organisationnels contre la destruction accidentelle ou intentionnelle, la perte accidentelle, l&rsquo;alt\u00e9ration, la divulgation, l&rsquo;utilisation ou l&rsquo;acc\u00e8s non autoris\u00e9s, conform\u00e9ment \u00e0 toutes les r\u00e9glementations applicables<br \/>12. Dans le cadre du traitement des donn\u00e9es personnelles, vous avez le droit <br \/>de :<br \/>a. demande \u00e0 l&rsquo;Administrateur d&rsquo;acc\u00e9der \u00e0 vos donn\u00e9es personnelles,<br \/>b. demande de l&rsquo;Administrateur de corriger vos donn\u00e9es personnelles,<br \/>c. demander \u00e0 l&rsquo;Administrateur de supprimer vos donn\u00e9es personnelles,<br \/>d. demande de l&rsquo;Administrateur de limiter le traitement de vos donn\u00e9es <br \/>personnelles,<br \/>e. vous opposer au traitement de vos donn\u00e9es personnelles,<br \/>f. transf\u00e9rer vos donn\u00e9es personnelles<br \/>g. d\u00e9poser une plainte aupr\u00e8s de l&rsquo;autorit\u00e9 de contr\u00f4le,<br \/>h. faire l&rsquo;objet d&rsquo;un profilage<\/p>\n<h2>10. PROVISIONS FINALES<\/h2>\n<p>1. Le Contractant se r\u00e9serve le droit de modifier ce r\u00e8glement. S&rsquo;il change, il sera publi\u00e9 sur le site www.studioplus.pl<br \/>2. Les Clients dont la Commande a \u00e9t\u00e9 accept\u00e9e avant l\u2019entr\u00e9e en vigueur des modifications du R\u00e8glement sont soumis au R\u00e8glement en vigueur<br \/>3. Dans les mati\u00e8res non r\u00e9glement\u00e9es par le pr\u00e9sent R\u00e8glement, les dispositions pertinentes du droit g\u00e9n\u00e9ralement applicable s&rsquo;appliqueront<br \/>4. Le Client d\u00e9clare avoir pris connaissance des termes et conditions contenus dans le pr\u00e9sent R\u00e8glement et qu&rsquo;il les accepte et s&rsquo;engage \u00e0 les respecter<br \/>5. Derni\u00e8re mise \u00e0 jour du R\u00e8glement le 27 d\u00e9cembre 2023<br \/>6. Les parties conviennent que dans les mati\u00e8res non r\u00e9gl\u00e9es par le pr\u00e9sent accord, les dispositions du Code civil polonais s&rsquo;appliqueront.<br \/>7. Tous les litiges qui pourraient survenir \u00e0 l&rsquo;occasion de l&rsquo;ex\u00e9cution du contrat seront r\u00e9solus \u00e0 l&rsquo;amiable entre les parties<br \/>8. Les litiges qui ne pourront \u00eatre r\u00e9solus \u00e0 l\u2019amiable sans recours en justice seront tranch\u00e9s par le tribunal de commerce dont d\u00e9pend le Client<\/p>\n<p>&nbsp;<\/p>\n<p>&nbsp;<\/p>\n<p>&nbsp;<\/p>\n<p><a href=\"https:\/\/wiadomosci.wp.pl\/zacieta-obrona-ukraincow-w-mariupolu-rosjanie-w-pulapce-pulku-azow-6759822705862273v\"><!-- \/divi:paragraph --><\/a><\/p>\n<p>[\/et_pb_text][\/et_pb_column][\/et_pb_row][\/et_pb_section]<\/p>\n","protected":false},"excerpt":{"rendered":"<p>R\u00e8glement d&rsquo;ex\u00e9cution des ordres &nbsp; 1. GLOSSAIRE Contractant &#8211; STUDIO PLUS S.C.Client &#8211; une personne physique, ainsi que les personnes physiques qui dirigent une entreprise individuelle, les entrepreneursCommande &#8211; une commande individuelle pass\u00e9e par le Client 2. DISPOSITIONS G\u00c9N\u00c9RALES 1. Le pr\u00e9sent r\u00e8glement pr\u00e9cise les r\u00e8gles d&rsquo;acceptation et d&rsquo;ex\u00e9cution des commandes, d&rsquo;enl\u00e8vement ou d&rsquo;exp\u00e9dition des [&hellip;]<\/p>\n","protected":false},"author":4,"featured_media":0,"parent":0,"menu_order":0,"comment_status":"closed","ping_status":"open","template":"","meta":{"_et_pb_use_builder":"on","_et_pb_old_content":"<!-- wp:heading -->\r\n<h2>Who we are<\/h2>\r\n<!-- \/wp:heading -->\r\n\r\n<!-- wp:paragraph -->\r\n<p><strong class=\"privacy-policy-tutorial\">Suggested text: <\/strong>Our website address is: http:\/\/empemgc.nazwa.pl\/studioplus.<\/p>\r\n<!-- \/wp:paragraph -->\r\n\r\n<!-- wp:heading -->\r\n<h2>Comments<\/h2>\r\n<!-- \/wp:heading -->\r\n\r\n<!-- wp:paragraph -->\r\n<p><strong class=\"privacy-policy-tutorial\">Suggested text: <\/strong>When visitors leave comments on the site we collect the data shown in the comments form, and also the visitor\u2019s IP address and browser user agent string to help spam detection.<\/p>\r\n<!-- \/wp:paragraph -->\r\n\r\n<!-- wp:paragraph -->\r\n<p>An anonymized string created from your email address (also called a hash) may be provided to the Gravatar service to see if you are using it. The Gravatar service privacy policy is available here: https:\/\/automattic.com\/privacy\/. After approval of your comment, your profile picture is visible to the public in the context of your comment.<\/p>\r\n<!-- \/wp:paragraph -->\r\n\r\n<!-- wp:heading -->\r\n<h2>Media<\/h2>\r\n<!-- \/wp:heading -->\r\n\r\n<!-- wp:paragraph -->\r\n<p><strong class=\"privacy-policy-tutorial\">Suggested text: <\/strong>If you upload images to the website, you should avoid uploading images with embedded location data (EXIF GPS) included. Visitors to the website can download and extract any location data from images on the website.<\/p>\r\n<!-- \/wp:paragraph -->\r\n\r\n<!-- wp:heading -->\r\n<h2>Cookies<\/h2>\r\n<!-- \/wp:heading -->\r\n\r\n<!-- wp:paragraph -->\r\n<p><strong class=\"privacy-policy-tutorial\">Suggested text: <\/strong>If you leave a comment on our site you may opt-in to saving your name, email address and website in cookies. These are for your convenience so that you do not have to fill in your details again when you leave another comment. These cookies will last for one year.<\/p>\r\n<!-- \/wp:paragraph -->\r\n\r\n<!-- wp:paragraph -->\r\n<p>If you visit our login page, we will set a temporary cookie to determine if your browser accepts cookies. This cookie contains no personal data and is discarded when you close your browser.<\/p>\r\n<!-- \/wp:paragraph -->\r\n\r\n<!-- wp:paragraph -->\r\n<p>When you log in, we will also set up several cookies to save your login information and your screen display choices. Login cookies last for two days, and screen options cookies last for a year. If you select \"Remember Me\", your login will persist for two weeks. If you log out of your account, the login cookies will be removed.<\/p>\r\n<!-- \/wp:paragraph -->\r\n\r\n<!-- wp:paragraph -->\r\n<p>If you edit or publish an article, an additional cookie will be saved in your browser. This cookie includes no personal data and simply indicates the post ID of the article you just edited. It expires after 1 day.<\/p>\r\n<!-- \/wp:paragraph -->\r\n\r\n<!-- wp:heading -->\r\n<h2>Embedded content from other websites<\/h2>\r\n<!-- \/wp:heading -->\r\n\r\n<!-- wp:paragraph -->\r\n<p><strong class=\"privacy-policy-tutorial\">Suggested text: <\/strong>Articles on this site may include embedded content (e.g. videos, images, articles, etc.). Embedded content from other websites behaves in the exact same way as if the visitor has visited the other website.<\/p>\r\n<!-- \/wp:paragraph -->\r\n\r\n<!-- wp:paragraph -->\r\n<p>These websites may collect data about you, use cookies, embed additional third-party tracking, and monitor your interaction with that embedded content, including tracking your interaction with the embedded content if you have an account and are logged in to that website.<\/p>\r\n<!-- \/wp:paragraph -->\r\n\r\n<!-- wp:heading -->\r\n<h2>Who we share your data with<\/h2>\r\n<!-- \/wp:heading -->\r\n\r\n<!-- wp:paragraph -->\r\n<p><strong class=\"privacy-policy-tutorial\">Suggested text: <\/strong>If you request a password reset, your IP address will be included in the reset email.<\/p>\r\n<!-- \/wp:paragraph -->\r\n\r\n<!-- wp:heading -->\r\n<h2>How long we retain your data<\/h2>\r\n<!-- \/wp:heading -->\r\n\r\n<!-- wp:paragraph -->\r\n<p><strong class=\"privacy-policy-tutorial\">Suggested text: <\/strong>If you leave a comment, the comment and its metadata are retained indefinitely. This is so we can recognize and approve any follow-up comments automatically instead of holding them in a moderation queue.<\/p>\r\n<!-- \/wp:paragraph -->\r\n\r\n<!-- wp:paragraph -->\r\n<p>For users that register on our website (if any), we also store the personal information they provide in their user profile. All users can see, edit, or delete their personal information at any time (except they cannot change their username). Website administrators can also see and edit that information.<\/p>\r\n<!-- \/wp:paragraph -->\r\n\r\n<!-- wp:heading -->\r\n<h2>What rights you have over your data<\/h2>\r\n<!-- \/wp:heading -->\r\n\r\n<!-- wp:paragraph -->\r\n<p><strong class=\"privacy-policy-tutorial\">Suggested text: <\/strong>If you have an account on this site, or have left comments, you can request to receive an exported file of the personal data we hold about you, including any data you have provided to us. You can also request that we erase any personal data we hold about you. This does not include any data we are obliged to keep for administrative, legal, or security purposes.<\/p>\r\n<!-- \/wp:paragraph -->\r\n\r\n<!-- wp:heading -->\r\n<h2>Where we send your data<\/h2>\r\n<!-- \/wp:heading -->\r\n\r\n<!-- wp:paragraph -->\r\n<p><strong class=\"privacy-policy-tutorial\">Suggested text: <\/strong>Visitor comments may be checked through an automated spam detection service.<\/p>\r\n<!-- \/wp:paragraph -->","_et_gb_content_width":"","footnotes":""},"class_list":["post-2143","page","type-page","status-publish","hentry"],"yoast_head":"<!-- This site is optimized with the Yoast SEO plugin v22.0 - https:\/\/yoast.com\/wordpress\/plugins\/seo\/ -->\n<title>R\u00e8glement - Studio Plus<\/title>\n<meta name=\"robots\" content=\"index, follow, max-snippet:-1, max-image-preview:large, max-video-preview:-1\" \/>\n<link rel=\"canonical\" href=\"https:\/\/studioplus.pl\/fr\/reglement\/\" \/>\n<meta property=\"og:locale\" content=\"fr_FR\" \/>\n<meta property=\"og:type\" content=\"article\" \/>\n<meta property=\"og:title\" content=\"R\u00e8glement - Studio Plus\" \/>\n<meta property=\"og:description\" content=\"R\u00e8glement d&#039;ex\u00e9cution des ordres &nbsp; 1. GLOSSAIRE Contractant - STUDIO PLUS S.C.Client - une personne physique, ainsi que les personnes physiques qui dirigent une entreprise individuelle, les entrepreneursCommande - une commande individuelle pass\u00e9e par le Client 2. DISPOSITIONS G\u00c9N\u00c9RALES 1. Le pr\u00e9sent r\u00e8glement pr\u00e9cise les r\u00e8gles d&#039;acceptation et d&#039;ex\u00e9cution des commandes, d&#039;enl\u00e8vement ou d&#039;exp\u00e9dition des [&hellip;]\" \/>\n<meta property=\"og:url\" content=\"https:\/\/studioplus.pl\/fr\/reglement\/\" \/>\n<meta property=\"og:site_name\" content=\"Studio Plus\" \/>\n<meta property=\"article:modified_time\" content=\"2024-01-17T08:44:55+00:00\" \/>\n<meta name=\"twitter:card\" content=\"summary_large_image\" \/>\n<meta name=\"twitter:label1\" content=\"Dur\u00e9e de lecture estim\u00e9e\" \/>\n\t<meta name=\"twitter:data1\" content=\"7 minutes\" \/>\n<script type=\"application\/ld+json\" class=\"yoast-schema-graph\">{\"@context\":\"https:\/\/schema.org\",\"@graph\":[{\"@type\":\"WebPage\",\"@id\":\"https:\/\/studioplus.pl\/fr\/reglement\/\",\"url\":\"https:\/\/studioplus.pl\/fr\/reglement\/\",\"name\":\"R\u00e8glement - Studio Plus\",\"isPartOf\":{\"@id\":\"https:\/\/studioplus.pl\/#website\"},\"datePublished\":\"2024-01-15T07:48:05+00:00\",\"dateModified\":\"2024-01-17T08:44:55+00:00\",\"breadcrumb\":{\"@id\":\"https:\/\/studioplus.pl\/fr\/reglement\/#breadcrumb\"},\"inLanguage\":\"fr-FR\",\"potentialAction\":[{\"@type\":\"ReadAction\",\"target\":[\"https:\/\/studioplus.pl\/fr\/reglement\/\"]}]},{\"@type\":\"BreadcrumbList\",\"@id\":\"https:\/\/studioplus.pl\/fr\/reglement\/#breadcrumb\",\"itemListElement\":[{\"@type\":\"ListItem\",\"position\":1,\"name\":\"Strona G\u0142\u00f3wna\",\"item\":\"https:\/\/studioplus.pl\/fr\/\"},{\"@type\":\"ListItem\",\"position\":2,\"name\":\"R\u00e8glement\"}]},{\"@type\":\"WebSite\",\"@id\":\"https:\/\/studioplus.pl\/#website\",\"url\":\"https:\/\/studioplus.pl\/\",\"name\":\"Studio Plus\",\"description\":\"Studio Plus\",\"potentialAction\":[{\"@type\":\"SearchAction\",\"target\":{\"@type\":\"EntryPoint\",\"urlTemplate\":\"https:\/\/studioplus.pl\/?s={search_term_string}\"},\"query-input\":\"required name=search_term_string\"}],\"inLanguage\":\"fr-FR\"}]}<\/script>\n<!-- \/ Yoast SEO plugin. -->","yoast_head_json":{"title":"R\u00e8glement - Studio Plus","robots":{"index":"index","follow":"follow","max-snippet":"max-snippet:-1","max-image-preview":"max-image-preview:large","max-video-preview":"max-video-preview:-1"},"canonical":"https:\/\/studioplus.pl\/fr\/reglement\/","og_locale":"fr_FR","og_type":"article","og_title":"R\u00e8glement - Studio Plus","og_description":"R\u00e8glement d'ex\u00e9cution des ordres &nbsp; 1. GLOSSAIRE Contractant - STUDIO PLUS S.C.Client - une personne physique, ainsi que les personnes physiques qui dirigent une entreprise individuelle, les entrepreneursCommande - une commande individuelle pass\u00e9e par le Client 2. DISPOSITIONS G\u00c9N\u00c9RALES 1. Le pr\u00e9sent r\u00e8glement pr\u00e9cise les r\u00e8gles d'acceptation et d'ex\u00e9cution des commandes, d'enl\u00e8vement ou d'exp\u00e9dition des [&hellip;]","og_url":"https:\/\/studioplus.pl\/fr\/reglement\/","og_site_name":"Studio Plus","article_modified_time":"2024-01-17T08:44:55+00:00","twitter_card":"summary_large_image","twitter_misc":{"Dur\u00e9e de lecture estim\u00e9e":"7 minutes"},"schema":{"@context":"https:\/\/schema.org","@graph":[{"@type":"WebPage","@id":"https:\/\/studioplus.pl\/fr\/reglement\/","url":"https:\/\/studioplus.pl\/fr\/reglement\/","name":"R\u00e8glement - Studio Plus","isPartOf":{"@id":"https:\/\/studioplus.pl\/#website"},"datePublished":"2024-01-15T07:48:05+00:00","dateModified":"2024-01-17T08:44:55+00:00","breadcrumb":{"@id":"https:\/\/studioplus.pl\/fr\/reglement\/#breadcrumb"},"inLanguage":"fr-FR","potentialAction":[{"@type":"ReadAction","target":["https:\/\/studioplus.pl\/fr\/reglement\/"]}]},{"@type":"BreadcrumbList","@id":"https:\/\/studioplus.pl\/fr\/reglement\/#breadcrumb","itemListElement":[{"@type":"ListItem","position":1,"name":"Strona G\u0142\u00f3wna","item":"https:\/\/studioplus.pl\/fr\/"},{"@type":"ListItem","position":2,"name":"R\u00e8glement"}]},{"@type":"WebSite","@id":"https:\/\/studioplus.pl\/#website","url":"https:\/\/studioplus.pl\/","name":"Studio Plus","description":"Studio Plus","potentialAction":[{"@type":"SearchAction","target":{"@type":"EntryPoint","urlTemplate":"https:\/\/studioplus.pl\/?s={search_term_string}"},"query-input":"required name=search_term_string"}],"inLanguage":"fr-FR"}]}},"_links":{"self":[{"href":"https:\/\/studioplus.pl\/fr\/wp-json\/wp\/v2\/pages\/2143","targetHints":{"allow":["GET"]}}],"collection":[{"href":"https:\/\/studioplus.pl\/fr\/wp-json\/wp\/v2\/pages"}],"about":[{"href":"https:\/\/studioplus.pl\/fr\/wp-json\/wp\/v2\/types\/page"}],"author":[{"embeddable":true,"href":"https:\/\/studioplus.pl\/fr\/wp-json\/wp\/v2\/users\/4"}],"replies":[{"embeddable":true,"href":"https:\/\/studioplus.pl\/fr\/wp-json\/wp\/v2\/comments?post=2143"}],"version-history":[{"count":4,"href":"https:\/\/studioplus.pl\/fr\/wp-json\/wp\/v2\/pages\/2143\/revisions"}],"predecessor-version":[{"id":2157,"href":"https:\/\/studioplus.pl\/fr\/wp-json\/wp\/v2\/pages\/2143\/revisions\/2157"}],"wp:attachment":[{"href":"https:\/\/studioplus.pl\/fr\/wp-json\/wp\/v2\/media?parent=2143"}],"curies":[{"name":"wp","href":"https:\/\/api.w.org\/{rel}","templated":true}]}}